{"id":9072,"date":"2023-06-29T12:19:19","date_gmt":"2023-06-29T10:19:19","guid":{"rendered":"https:\/\/www.colago.it\/museo-della-carta\/"},"modified":"2025-08-11T13:24:43","modified_gmt":"2025-08-11T11:24:43","slug":"mueseodellacarta","status":"publish","type":"page","link":"https:\/\/www.colago.it\/it\/mueseodellacarta\/","title":{"rendered":"Museo della carta"},"content":{"rendered":"\t\t<div data-elementor-type=\"wp-page\" data-elementor-id=\"9072\" class=\"elementor elementor-9072 elementor-6355\" data-elementor-post-type=\"page\">\n\t\t\t\t<div class=\"elementor-element elementor-element-827f0da e-con-full e-flex e-con e-parent\" data-id=\"827f0da\" data-element_type=\"container\">\n\t\t<div data-dce-background-overlay-color=\"#FFFFFF00\" data-dce-background-image-url=\"https:\/\/www.colago.it\/wp-content\/uploads\/2023\/07\/papiermuseum-toscolano.jpg\" class=\"elementor-element elementor-element-89602d4 e-con-full e-flex e-con e-child\" data-id=\"89602d4\" data-element_type=\"container\" data-settings=\"{&quot;background_background&quot;:&quot;classic&quot;}\">\n\t\t\t\t<div class=\"elementor-element elementor-element-ea0c51c elementor-widget elementor-widget-spacer\" data-id=\"ea0c51c\" data-element_type=\"widget\" data-widget_type=\"spacer.default\">\n\t\t\t\t<div class=\"elementor-widget-container\">\n\t\t\t\t\t\t\t<div class=\"elementor-spacer\">\n\t\t\t<div class=\"elementor-spacer-inner\"><\/div>\n\t\t<\/div>\n\t\t\t\t\t\t<\/div>\n\t\t\t\t<\/div>\n\t\t\t\t<\/div>\n\t\t<div data-dce-background-image-url=\"https:\/\/www.colago.it\/wp-content\/uploads\/2023\/06\/pattern-header-Logo2.jpg\" class=\"elementor-element elementor-element-7d4f77f elementor-hidden-mobile e-con-full e-flex e-con e-child\" data-id=\"7d4f77f\" data-element_type=\"container\" data-settings=\"{&quot;background_background&quot;:&quot;classic&quot;}\">\n\t\t\t\t<div class=\"elementor-element elementor-element-7da5fce elementor-widget elementor-widget-spacer\" data-id=\"7da5fce\" data-element_type=\"widget\" data-widget_type=\"spacer.default\">\n\t\t\t\t<div class=\"elementor-widget-container\">\n\t\t\t\t\t\t\t<div class=\"elementor-spacer\">\n\t\t\t<div class=\"elementor-spacer-inner\"><\/div>\n\t\t<\/div>\n\t\t\t\t\t\t<\/div>\n\t\t\t\t<\/div>\n\t\t\t\t<\/div>\n\t\t\t\t<\/div>\n\t\t<div data-dce-background-image-url=\"https:\/\/www.colago.it\/wp-content\/uploads\/2023\/06\/pattern-background.png\" class=\"elementor-element elementor-element-27bbb44 animated-slow e-flex e-con-boxed e-con e-parent\" data-id=\"27bbb44\" data-element_type=\"container\" data-settings=\"{&quot;animation&quot;:&quot;none&quot;,&quot;background_background&quot;:&quot;classic&quot;}\">\n\t\t\t\t\t<div class=\"e-con-inner\">\n\t\t<div class=\"elementor-element elementor-element-e1aa297 e-con-full e-flex e-con e-child\" data-id=\"e1aa297\" data-element_type=\"container\">\n\t\t\t\t<div class=\"elementor-element elementor-element-8b264a9 animated-slow elementor-invisible elementor-widget elementor-widget-heading\" data-id=\"8b264a9\" data-element_type=\"widget\" data-settings=\"{&quot;_animation&quot;:&quot;fadeInUp&quot;}\" data-widget_type=\"heading.default\">\n\t\t\t\t<div class=\"elementor-widget-container\">\n\t\t\t\t\t<h2 class=\"elementor-heading-title elementor-size-default\">Museo della Carta <\/h2>\t\t\t\t<\/div>\n\t\t\t\t<\/div>\n\t\t\t\t<div class=\"elementor-element elementor-element-9f6485e animated-slow elementor-invisible elementor-widget elementor-widget-heading\" data-id=\"9f6485e\" data-element_type=\"widget\" data-settings=\"{&quot;_animation&quot;:&quot;fadeInUp&quot;,&quot;_animation_delay&quot;:&quot;200&quot;}\" data-widget_type=\"heading.default\">\n\t\t\t\t<div class=\"elementor-widget-container\">\n\t\t\t\t\t<h3 class=\"elementor-heading-title elementor-size-default\">NELLA VALLE DELLE CARTIERE<\/h3>\t\t\t\t<\/div>\n\t\t\t\t<\/div>\n\t\t\t\t<div class=\"elementor-element elementor-element-e955aff animated-slow elementor-invisible elementor-widget elementor-widget-text-editor\" data-id=\"e955aff\" data-element_type=\"widget\" data-settings=\"{&quot;_animation&quot;:&quot;fadeInUp&quot;}\" data-widget_type=\"text-editor.default\">\n\t\t\t\t<div class=\"elementor-widget-container\">\n\t\t\t\t\t\t\t\t\t<p>Cosa ti viene in mente quando pensi al Lago di Garda? Sicuramente non un museo della carta. Proprio per questo <strong>la visita alla Valle delle Cartiere di Toscolano Maderno<\/strong> \u00e8 ancora pi\u00f9 suggestiva.<\/p><p><br \/>Dove la carta veniva prodotta gi\u00e0 nel XIV secolo e dove viene prodotta ancora oggi, ti aspettano una bellissima valle e un museo della carta. <strong>Scopri l&#8217;antica tradizione e l&#8217;arte della fabbricazione della carta<\/strong> durante una visita guidata al museo. Se vuoi, puoi anche realizzare la tua carta fatta a mano sotto la guida di giovani maestri artigiani. Per maggiori informazioni, clicca qui:<\/p>\t\t\t\t\t\t\t\t<\/div>\n\t\t\t\t<\/div>\n\t\t<div class=\"elementor-element elementor-element-83dd11e e-con-full e-flex e-con e-child\" data-id=\"83dd11e\" data-element_type=\"container\">\n\t\t<div class=\"elementor-element elementor-element-4cfade4 e-con-full e-flex e-con e-child\" data-id=\"4cfade4\" data-element_type=\"container\">\n\t\t\t\t<\/div>\n\t\t<div class=\"elementor-element elementor-element-326e2ff e-con-full e-flex e-con e-child\" data-id=\"326e2ff\" data-element_type=\"container\">\n\t\t\t\t<\/div>\n\t\t<div class=\"elementor-element elementor-element-9a6065c e-con-full e-flex e-con e-child\" data-id=\"9a6065c\" data-element_type=\"container\">\n\t\t\t\t<div class=\"elementor-element elementor-element-d25cbaf animated-slow elementor-align-right elementor-invisible elementor-widget elementor-widget-button\" data-id=\"d25cbaf\" data-element_type=\"widget\" data-settings=\"{&quot;_animation&quot;:&quot;fadeInUp&quot;}\" data-widget_type=\"button.default\">\n\t\t\t\t<div class=\"elementor-widget-container\">\n\t\t\t\t\t\t\t\t\t<div class=\"elementor-button-wrapper\">\n\t\t\t\t\t<a class=\"elementor-button elementor-button-link elementor-size-sm\" href=\"https:\/\/www.bresciatourism.it\/cosa-fare\/museo-carta-valle-cartiere-toscolano\/\" target=\"_blank\">\n\t\t\t\t\t\t<span class=\"elementor-button-content-wrapper\">\n\t\t\t\t\t\t<span class=\"elementor-button-icon\">\n\t\t\t\t<svg xmlns=\"http:\/\/www.w3.org\/2000\/svg\" xmlns:xlink=\"http:\/\/www.w3.org\/1999\/xlink\" id=\"Ebene_1\" x=\"0px\" y=\"0px\" viewBox=\"0 0 20.4 13\" style=\"enable-background:new 0 0 20.4 13;\" xml:space=\"preserve\"><path d=\"M20,6.2l-6.3-5.9c-0.2-0.1-0.4-0.1-0.6,0c-0.2,0.2-0.1,0.4,0,0.6l5.6,5.2h-18c-0.2,0-0.4,0.2-0.4,0.4s0.2,0.4,0.4,0.4h18 l-5.6,5.2c-0.2,0.2-0.2,0.4,0,0.6c0.1,0.1,0.2,0.1,0.3,0.1c0.1,0,0.2,0,0.3-0.1L20,6.8c0.1-0.1,0.1-0.2,0.1-0.3S20.1,6.3,20,6.2z\"><\/path><\/svg>\t\t\t<\/span>\n\t\t\t\t\t\t\t\t\t<span class=\"elementor-button-text\">INFORMAZIONI<\/span>\n\t\t\t\t\t<\/span>\n\t\t\t\t\t<\/a>\n\t\t\t\t<\/div>\n\t\t\t\t\t\t\t\t<\/div>\n\t\t\t\t<\/div>\n\t\t\t\t<\/div>\n\t\t\t\t<\/div>\n\t\t\t\t<\/div>\n\t\t\t\t\t<\/div>\n\t\t\t\t<\/div>\n\t\t<div class=\"elementor-element elementor-element-77e7a67 e-con-full animated-slow e-flex elementor-invisible e-con e-parent\" data-id=\"77e7a67\" data-element_type=\"container\" data-settings=\"{&quot;animation&quot;:&quot;fadeIn&quot;}\">\n\t\t<div class=\"elementor-element elementor-element-496d51d e-con-full e-flex e-con e-child\" data-id=\"496d51d\" data-element_type=\"container\">\n\t\t\t\t<div class=\"elementor-element elementor-element-00477c7 dce_masking-none elementor-widget elementor-widget-image\" data-id=\"00477c7\" data-element_type=\"widget\" data-settings=\"{&quot;motion_fx_motion_fx_scrolling&quot;:&quot;yes&quot;,&quot;motion_fx_opacity_effect&quot;:&quot;yes&quot;,&quot;motion_fx_opacity_direction&quot;:&quot;in-out&quot;,&quot;motion_fx_opacity_level&quot;:{&quot;unit&quot;:&quot;px&quot;,&quot;size&quot;:&quot;9&quot;,&quot;sizes&quot;:[]},&quot;motion_fx_opacity_range&quot;:{&quot;unit&quot;:&quot;%&quot;,&quot;size&quot;:&quot;&quot;,&quot;sizes&quot;:{&quot;start&quot;:&quot;50&quot;,&quot;end&quot;:&quot;89&quot;}},&quot;motion_fx_devices&quot;:[&quot;desktop&quot;,&quot;tablet&quot;,&quot;mobile&quot;]}\" data-widget_type=\"image.default\">\n\t\t\t\t<div class=\"elementor-widget-container\">\n\t\t\t\t\t\t\t\t\t\t\t\t\t\t\t<img fetchpriority=\"high\" decoding=\"async\" width=\"1500\" height=\"1001\" src=\"https:\/\/www.colago.it\/wp-content\/uploads\/2023\/07\/paper-colago-lake-garda.jpg\" class=\"attachment-full size-full wp-image-8869\" alt=\"\" srcset=\"https:\/\/www.colago.it\/wp-content\/uploads\/2023\/07\/paper-colago-lake-garda.jpg 1500w, https:\/\/www.colago.it\/wp-content\/uploads\/2023\/07\/paper-colago-lake-garda-300x200.jpg 300w, https:\/\/www.colago.it\/wp-content\/uploads\/2023\/07\/paper-colago-lake-garda-1024x683.jpg 1024w, https:\/\/www.colago.it\/wp-content\/uploads\/2023\/07\/paper-colago-lake-garda-768x513.jpg 768w\" sizes=\"(max-width: 1500px) 100vw, 1500px\" \/>\t\t\t\t\t\t\t\t\t\t\t\t\t\t\t<\/div>\n\t\t\t\t<\/div>\n\t\t\t\t<\/div>\n\t\t\t\t<\/div>\n\t\t\t\t<\/div>\n\t\t","protected":false},"excerpt":{"rendered":"<p>Museo della Carta NELLA VALLE DELLE CARTIERE Cosa ti viene in mente quando pensi al Lago di Garda? Sicuramente non un museo della carta. Proprio per questo la visita alla Valle delle Cartiere di Toscolano Maderno \u00e8 ancora pi\u00f9 suggestiva. Dove la carta veniva prodotta gi\u00e0 nel XIV secolo e dove viene prodotta ancora oggi, [&hellip;]<\/p>\n","protected":false},"author":1,"featured_media":0,"parent":0,"menu_order":0,"comment_status":"closed","ping_status":"closed","template":"","meta":{"footnotes":""},"class_list":["post-9072","page","type-page","status-publish","hentry"],"_links":{"self":[{"href":"https:\/\/www.colago.it\/it\/wp-json\/wp\/v2\/pages\/9072","targetHints":{"allow":["GET"]}}],"collection":[{"href":"https:\/\/www.colago.it\/it\/wp-json\/wp\/v2\/pages"}],"about":[{"href":"https:\/\/www.colago.it\/it\/wp-json\/wp\/v2\/types\/page"}],"author":[{"embeddable":true,"href":"https:\/\/www.colago.it\/it\/wp-json\/wp\/v2\/users\/1"}],"replies":[{"embeddable":true,"href":"https:\/\/www.colago.it\/it\/wp-json\/wp\/v2\/comments?post=9072"}],"version-history":[{"count":0,"href":"https:\/\/www.colago.it\/it\/wp-json\/wp\/v2\/pages\/9072\/revisions"}],"wp:attachment":[{"href":"https:\/\/www.colago.it\/it\/wp-json\/wp\/v2\/media?parent=9072"}],"curies":[{"name":"wp","href":"https:\/\/api.w.org\/{rel}","templated":true}]}}