{"id":9026,"date":"2022-07-11T13:49:38","date_gmt":"2022-07-11T11:49:38","guid":{"rendered":"https:\/\/www.colago.it\/garden-spa\/"},"modified":"2025-08-11T17:19:24","modified_gmt":"2025-08-11T15:19:24","slug":"piscine","status":"publish","type":"page","link":"https:\/\/www.colago.it\/it\/piscine\/","title":{"rendered":"Piscine"},"content":{"rendered":"\t\t<div data-elementor-type=\"wp-page\" data-elementor-id=\"9026\" class=\"elementor elementor-9026 elementor-841\" data-elementor-post-type=\"page\">\n\t\t\t\t<div class=\"elementor-element elementor-element-05f427a e-con-full e-flex e-con e-parent\" data-id=\"05f427a\" data-element_type=\"container\">\n\t\t<div data-dce-background-overlay-color=\"#FFFFFF00\" data-dce-background-image-url=\"https:\/\/www.colago.it\/wp-content\/uploads\/2025\/03\/header-pool.webp\" class=\"elementor-element elementor-element-e6f25b5 e-con-full e-flex e-con e-child\" data-id=\"e6f25b5\" data-element_type=\"container\" data-settings=\"{&quot;background_background&quot;:&quot;classic&quot;}\">\n\t\t\t\t<div class=\"elementor-element elementor-element-c742a64 elementor-widget elementor-widget-spacer\" data-id=\"c742a64\" data-element_type=\"widget\" data-widget_type=\"spacer.default\">\n\t\t\t\t<div class=\"elementor-widget-container\">\n\t\t\t\t\t\t\t<div class=\"elementor-spacer\">\n\t\t\t<div class=\"elementor-spacer-inner\"><\/div>\n\t\t<\/div>\n\t\t\t\t\t\t<\/div>\n\t\t\t\t<\/div>\n\t\t\t\t<\/div>\n\t\t<div data-dce-background-image-url=\"https:\/\/www.colago.it\/wp-content\/uploads\/2023\/06\/pattern-header-Logo2.jpg\" class=\"elementor-element elementor-element-88fef9b elementor-hidden-mobile e-con-full e-flex e-con e-child\" data-id=\"88fef9b\" data-element_type=\"container\" data-settings=\"{&quot;background_background&quot;:&quot;classic&quot;}\">\n\t\t\t\t<div class=\"elementor-element elementor-element-a01f6f8 elementor-widget elementor-widget-spacer\" data-id=\"a01f6f8\" data-element_type=\"widget\" data-widget_type=\"spacer.default\">\n\t\t\t\t<div class=\"elementor-widget-container\">\n\t\t\t\t\t\t\t<div class=\"elementor-spacer\">\n\t\t\t<div class=\"elementor-spacer-inner\"><\/div>\n\t\t<\/div>\n\t\t\t\t\t\t<\/div>\n\t\t\t\t<\/div>\n\t\t\t\t<\/div>\n\t\t\t\t<\/div>\n\t\t<div data-dce-background-image-url=\"https:\/\/www.colago.it\/wp-content\/uploads\/2023\/06\/pattern-background.png\" class=\"elementor-element elementor-element-5f89e0e animated-slow e-flex e-con-boxed e-con e-parent\" data-id=\"5f89e0e\" data-element_type=\"container\" data-settings=\"{&quot;animation&quot;:&quot;none&quot;,&quot;background_background&quot;:&quot;classic&quot;}\">\n\t\t\t\t\t<div class=\"e-con-inner\">\n\t\t<div class=\"elementor-element elementor-element-47cfab7 e-con-full e-flex e-con e-child\" data-id=\"47cfab7\" data-element_type=\"container\">\n\t\t\t\t<div class=\"elementor-element elementor-element-4b81e0a animated-slow elementor-invisible elementor-widget elementor-widget-heading\" data-id=\"4b81e0a\" data-element_type=\"widget\" data-settings=\"{&quot;_animation&quot;:&quot;fadeInUp&quot;}\" data-widget_type=\"heading.default\">\n\t\t\t\t<div class=\"elementor-widget-container\">\n\t\t\t\t\t<h2 class=\"elementor-heading-title elementor-size-default\">Garden Spa al COLAGO<\/h2>\t\t\t\t<\/div>\n\t\t\t\t<\/div>\n\t\t\t\t<div class=\"elementor-element elementor-element-ccb4b58 animated-slow elementor-invisible elementor-widget elementor-widget-heading\" data-id=\"ccb4b58\" data-element_type=\"widget\" data-settings=\"{&quot;_animation&quot;:&quot;fadeInUp&quot;,&quot;_animation_delay&quot;:&quot;200&quot;}\" data-widget_type=\"heading.default\">\n\t\t\t\t<div class=\"elementor-widget-container\">\n\t\t\t\t\t<h3 class=\"elementor-heading-title elementor-size-default\">LASCIATI ANDARE, IMMERGITI E RIEMERGI, RILASSATI DOVE CIELO, TERRA E ACQUA SI FONDONO INSIEME<\/h3>\t\t\t\t<\/div>\n\t\t\t\t<\/div>\n\t\t\t\t<div class=\"elementor-element elementor-element-d7477ca animated-slow elementor-invisible elementor-widget elementor-widget-text-editor\" data-id=\"d7477ca\" data-element_type=\"widget\" data-settings=\"{&quot;_animation&quot;:&quot;fadeInUp&quot;}\" data-widget_type=\"text-editor.default\">\n\t\t\t\t<div class=\"elementor-widget-container\">\n\t\t\t\t\t\t\t\t\t<p>Il COLAGO \u00e8 una pura oasi di benessere, un rifugio esclusivo immerso nella natura. Nelle nostre ville private, tutte dotate di piscina privata, la sensazione che proverai \u00e8 quella di totale armonia con ci\u00f2 che ti circonda. Potrai cos\u00ec rilassarti nel punto pi\u00f9 bello del Lago di Garda, <strong>godendoti la tranquillit\u00e0 pi\u00f9 assoluta, la forza rinfrescante dell&#8217;acqua e il panorama del lago, a tua completa disposizione e solo per te. <\/strong><\/p>\t\t\t\t\t\t\t\t<\/div>\n\t\t\t\t<\/div>\n\t\t\t\t<\/div>\n\t\t\t\t\t<\/div>\n\t\t\t\t<\/div>\n\t\t<div class=\"elementor-element elementor-element-68311f6 animated-slow e-flex e-con-boxed e-con e-parent\" data-id=\"68311f6\" data-element_type=\"container\" data-settings=\"{&quot;animation&quot;:&quot;none&quot;,&quot;background_background&quot;:&quot;classic&quot;}\">\n\t\t\t\t\t<div class=\"e-con-inner\">\n\t\t<div class=\"elementor-element elementor-element-0fddcc4 e-con-full e-flex e-con e-child\" data-id=\"0fddcc4\" data-element_type=\"container\">\n\t\t\t\t<div class=\"elementor-element elementor-element-1bc0dcf animated-slow elementor-invisible elementor-widget elementor-widget-heading\" data-id=\"1bc0dcf\" data-element_type=\"widget\" data-settings=\"{&quot;_animation&quot;:&quot;fadeInUp&quot;}\" data-widget_type=\"heading.default\">\n\t\t\t\t<div class=\"elementor-widget-container\">\n\t\t\t\t\t<h2 class=\"elementor-heading-title elementor-size-default\">Momenti di benessere all'Olivaia<\/h2>\t\t\t\t<\/div>\n\t\t\t\t<\/div>\n\t\t\t\t<div class=\"elementor-element elementor-element-50abda8 animated-slow elementor-invisible elementor-widget elementor-widget-text-editor\" data-id=\"50abda8\" data-element_type=\"widget\" data-settings=\"{&quot;_animation&quot;:&quot;fadeInUp&quot;,&quot;_animation_delay&quot;:&quot;200&quot;}\" data-widget_type=\"text-editor.default\">\n\t\t\t\t<div class=\"elementor-widget-container\">\n\t\t\t\t\t\t\t\t\t<strong>Gli ospiti de L&#8217;Olivaia hanno a disposizione una grande piscina immersa nell&#8217;ampio giardino e circondata da un bel prato per prendere il sole<\/strong>. Rilassati, rigenerati grazie all&#8217;assoluta tranquillit\u00e0 che ti circonda e, naturalmente, goditi la vista sul lago che porta la mente a volare lontano.\t\t\t\t\t\t\t\t<\/div>\n\t\t\t\t<\/div>\n\t\t\t\t<div class=\"elementor-element elementor-element-94ad780 animated-slow elementor-invisible elementor-widget elementor-widget-button\" data-id=\"94ad780\" data-element_type=\"widget\" data-settings=\"{&quot;_animation&quot;:&quot;fadeInUp&quot;,&quot;_animation_delay&quot;:&quot;300&quot;}\" data-widget_type=\"button.default\">\n\t\t\t\t<div class=\"elementor-widget-container\">\n\t\t\t\t\t\t\t\t\t<div class=\"elementor-button-wrapper\">\n\t\t\t\t\t<a class=\"elementor-button elementor-button-link elementor-size-sm\" href=\"https:\/\/www.colago.it\/it\/ville-lago-di-garda\/\">\n\t\t\t\t\t\t<span class=\"elementor-button-content-wrapper\">\n\t\t\t\t\t\t<span class=\"elementor-button-icon\">\n\t\t\t\t<svg xmlns=\"http:\/\/www.w3.org\/2000\/svg\" xmlns:xlink=\"http:\/\/www.w3.org\/1999\/xlink\" id=\"Ebene_1\" x=\"0px\" y=\"0px\" viewBox=\"0 0 20.4 13\" style=\"enable-background:new 0 0 20.4 13;\" xml:space=\"preserve\"><path d=\"M20,6.2l-6.3-5.9c-0.2-0.1-0.4-0.1-0.6,0c-0.2,0.2-0.1,0.4,0,0.6l5.6,5.2h-18c-0.2,0-0.4,0.2-0.4,0.4s0.2,0.4,0.4,0.4h18 l-5.6,5.2c-0.2,0.2-0.2,0.4,0,0.6c0.1,0.1,0.2,0.1,0.3,0.1c0.1,0,0.2,0,0.3-0.1L20,6.8c0.1-0.1,0.1-0.2,0.1-0.3S20.1,6.3,20,6.2z\"><\/path><\/svg>\t\t\t<\/span>\n\t\t\t\t\t\t\t\t\t<span class=\"elementor-button-text\">Le nostre ville<\/span>\n\t\t\t\t\t<\/span>\n\t\t\t\t\t<\/a>\n\t\t\t\t<\/div>\n\t\t\t\t\t\t\t\t<\/div>\n\t\t\t\t<\/div>\n\t\t\t\t<\/div>\n\t\t<div class=\"elementor-element elementor-element-da3cb73 animated-slow e-con-full e-flex e-con e-child\" data-id=\"da3cb73\" data-element_type=\"container\" data-settings=\"{&quot;background_background&quot;:&quot;slideshow&quot;,&quot;animation&quot;:&quot;none&quot;,&quot;background_slideshow_gallery&quot;:[{&quot;id&quot;:12518,&quot;url&quot;:&quot;https:\\\/\\\/www.colago.it\\\/wp-content\\\/uploads\\\/2025\\\/03\\\/Colago-private-pool1.jpg&quot;},{&quot;id&quot;:12521,&quot;url&quot;:&quot;https:\\\/\\\/www.colago.it\\\/wp-content\\\/uploads\\\/2025\\\/03\\\/Colago-private-pool2.jpg&quot;},{&quot;id&quot;:12524,&quot;url&quot;:&quot;https:\\\/\\\/www.colago.it\\\/wp-content\\\/uploads\\\/2025\\\/03\\\/Colago-private-pool3.jpg&quot;},{&quot;id&quot;:12527,&quot;url&quot;:&quot;https:\\\/\\\/www.colago.it\\\/wp-content\\\/uploads\\\/2025\\\/03\\\/Colago-private-pool4.jpg&quot;}],&quot;background_slideshow_slide_duration&quot;:4000,&quot;background_slideshow_transition_duration&quot;:800,&quot;background_slideshow_ken_burns&quot;:&quot;yes&quot;,&quot;background_slideshow_loop&quot;:&quot;yes&quot;,&quot;background_slideshow_slide_transition&quot;:&quot;fade&quot;,&quot;background_slideshow_ken_burns_zoom_direction&quot;:&quot;in&quot;}\">\n\t\t\t\t<div class=\"elementor-element elementor-element-5ca67f2 elementor-widget elementor-widget-spacer\" data-id=\"5ca67f2\" data-element_type=\"widget\" data-widget_type=\"spacer.default\">\n\t\t\t\t<div class=\"elementor-widget-container\">\n\t\t\t\t\t\t\t<div class=\"elementor-spacer\">\n\t\t\t<div class=\"elementor-spacer-inner\"><\/div>\n\t\t<\/div>\n\t\t\t\t\t\t<\/div>\n\t\t\t\t<\/div>\n\t\t\t\t<\/div>\n\t\t\t\t\t<\/div>\n\t\t\t\t<\/div>\n\t\t<div class=\"elementor-element elementor-element-8040506 animated-slow e-flex e-con-boxed e-con e-parent\" data-id=\"8040506\" data-element_type=\"container\" data-settings=\"{&quot;animation&quot;:&quot;none&quot;,&quot;background_background&quot;:&quot;classic&quot;}\">\n\t\t\t\t\t<div class=\"e-con-inner\">\n\t\t<div class=\"elementor-element elementor-element-95e0d06 animated-slow e-con-full e-flex e-con e-child\" data-id=\"95e0d06\" data-element_type=\"container\" data-settings=\"{&quot;background_background&quot;:&quot;classic&quot;,&quot;animation&quot;:&quot;none&quot;}\">\n\t\t\t\t<div class=\"elementor-element elementor-element-86cdcf2 animated-slow dce_masking-none elementor-invisible elementor-widget elementor-widget-image\" data-id=\"86cdcf2\" data-element_type=\"widget\" data-settings=\"{&quot;_animation&quot;:&quot;slideInUp&quot;,&quot;_animation_delay&quot;:&quot;400&quot;}\" data-widget_type=\"image.default\">\n\t\t\t\t<div class=\"elementor-widget-container\">\n\t\t\t\t\t\t\t\t\t\t\t\t\t\t\t<img fetchpriority=\"high\" decoding=\"async\" width=\"2560\" height=\"1706\" src=\"https:\/\/www.colago.it\/wp-content\/uploads\/2023\/12\/COLAGO_Garden_SPA_Garda-scaled.jpg\" class=\"attachment-full size-full wp-image-11236\" alt=\"COLAGO - Garden SPA - Lago di Garda\" srcset=\"https:\/\/www.colago.it\/wp-content\/uploads\/2023\/12\/COLAGO_Garden_SPA_Garda-scaled.jpg 2560w, https:\/\/www.colago.it\/wp-content\/uploads\/2023\/12\/COLAGO_Garden_SPA_Garda-300x200.jpg 300w, https:\/\/www.colago.it\/wp-content\/uploads\/2023\/12\/COLAGO_Garden_SPA_Garda-1024x683.jpg 1024w, https:\/\/www.colago.it\/wp-content\/uploads\/2023\/12\/COLAGO_Garden_SPA_Garda-768x512.jpg 768w, https:\/\/www.colago.it\/wp-content\/uploads\/2023\/12\/COLAGO_Garden_SPA_Garda-1536x1024.jpg 1536w, https:\/\/www.colago.it\/wp-content\/uploads\/2023\/12\/COLAGO_Garden_SPA_Garda-2048x1365.jpg 2048w\" sizes=\"(max-width: 2560px) 100vw, 2560px\" \/>\t\t\t\t\t\t\t\t\t\t\t\t\t\t\t<\/div>\n\t\t\t\t<\/div>\n\t\t\t\t<\/div>\n\t\t<div class=\"elementor-element elementor-element-ece115f e-con-full e-flex e-con e-child\" data-id=\"ece115f\" data-element_type=\"container\">\n\t\t\t\t<div class=\"elementor-element elementor-element-237fb69 animated-slow elementor-invisible elementor-widget elementor-widget-heading\" data-id=\"237fb69\" data-element_type=\"widget\" data-settings=\"{&quot;_animation&quot;:&quot;fadeInUp&quot;}\" data-widget_type=\"heading.default\">\n\t\t\t\t<div class=\"elementor-widget-container\">\n\t\t\t\t\t<h2 class=\"elementor-heading-title elementor-size-default\">Rilassati nello stile del COLAGO<\/h2>\t\t\t\t<\/div>\n\t\t\t\t<\/div>\n\t\t\t\t<div class=\"elementor-element elementor-element-957502b animated-slow elementor-invisible elementor-widget elementor-widget-text-editor\" data-id=\"957502b\" data-element_type=\"widget\" data-settings=\"{&quot;_animation&quot;:&quot;fadeInUp&quot;,&quot;_animation_delay&quot;:&quot;200&quot;}\" data-widget_type=\"text-editor.default\">\n\t\t\t\t<div class=\"elementor-widget-container\">\n\t\t\t\t\t\t\t\t\tGli ospiti delle altre ville hanno a disposizione una <strong>esclusiva piscina privata, situata sulla terrazza o nel giardino privato<\/strong>.\u00a0Qui potrai lasciarti alle spalle la frenesia della vita quotidiana mentre il sole splende in cielo.\n\nInoltre, tutti gli ospiti del COLAGO hanno libero accesso alla grande piscina situata nel nostro parco, attrezzata con comodi lettini e piacevoli zone d&#8217;ombra. <strong>L&#8217;impareggiabile vista sulle acque cristalline del Lago di Garda, sulla sponda opposta del lago e sul paesaggio collinare<\/strong> sar\u00e0 una costante della tua vacanza da noi. Pace e tranquillit\u00e0 sono assicurate.\t\t\t\t\t\t\t\t<\/div>\n\t\t\t\t<\/div>\n\t\t\t\t<div class=\"elementor-element elementor-element-1411fba animated-slow elementor-invisible elementor-widget elementor-widget-button\" data-id=\"1411fba\" data-element_type=\"widget\" data-settings=\"{&quot;_animation&quot;:&quot;fadeInUp&quot;,&quot;_animation_delay&quot;:&quot;300&quot;}\" data-widget_type=\"button.default\">\n\t\t\t\t<div class=\"elementor-widget-container\">\n\t\t\t\t\t\t\t\t\t<div class=\"elementor-button-wrapper\">\n\t\t\t\t\t<a class=\"elementor-button elementor-button-link elementor-size-sm\" href=\"https:\/\/www.colago.it\/it\/ville-lago-di-garda\/\">\n\t\t\t\t\t\t<span class=\"elementor-button-content-wrapper\">\n\t\t\t\t\t\t<span class=\"elementor-button-icon\">\n\t\t\t\t<svg xmlns=\"http:\/\/www.w3.org\/2000\/svg\" xmlns:xlink=\"http:\/\/www.w3.org\/1999\/xlink\" id=\"Ebene_1\" x=\"0px\" y=\"0px\" viewBox=\"0 0 20.4 13\" style=\"enable-background:new 0 0 20.4 13;\" xml:space=\"preserve\"><path d=\"M20,6.2l-6.3-5.9c-0.2-0.1-0.4-0.1-0.6,0c-0.2,0.2-0.1,0.4,0,0.6l5.6,5.2h-18c-0.2,0-0.4,0.2-0.4,0.4s0.2,0.4,0.4,0.4h18 l-5.6,5.2c-0.2,0.2-0.2,0.4,0,0.6c0.1,0.1,0.2,0.1,0.3,0.1c0.1,0,0.2,0,0.3-0.1L20,6.8c0.1-0.1,0.1-0.2,0.1-0.3S20.1,6.3,20,6.2z\"><\/path><\/svg>\t\t\t<\/span>\n\t\t\t\t\t\t\t\t\t<span class=\"elementor-button-text\">Le nostre ville<\/span>\n\t\t\t\t\t<\/span>\n\t\t\t\t\t<\/a>\n\t\t\t\t<\/div>\n\t\t\t\t\t\t\t\t<\/div>\n\t\t\t\t<\/div>\n\t\t\t\t<\/div>\n\t\t\t\t\t<\/div>\n\t\t\t\t<\/div>\n\t\t\t\t<\/div>\n\t\t","protected":false},"excerpt":{"rendered":"<p>Garden Spa al COLAGO LASCIATI ANDARE, IMMERGITI E RIEMERGI, RILASSATI DOVE CIELO, TERRA E ACQUA SI FONDONO INSIEME Il COLAGO \u00e8 una pura oasi di benessere, un rifugio esclusivo immerso nella natura. Nelle nostre ville private, tutte dotate di piscina privata, la sensazione che proverai \u00e8 quella di totale armonia con ci\u00f2 che ti circonda. [&hellip;]<\/p>\n","protected":false},"author":1,"featured_media":0,"parent":0,"menu_order":0,"comment_status":"closed","ping_status":"closed","template":"","meta":{"footnotes":""},"class_list":["post-9026","page","type-page","status-publish","hentry"],"_links":{"self":[{"href":"https:\/\/www.colago.it\/it\/wp-json\/wp\/v2\/pages\/9026","targetHints":{"allow":["GET"]}}],"collection":[{"href":"https:\/\/www.colago.it\/it\/wp-json\/wp\/v2\/pages"}],"about":[{"href":"https:\/\/www.colago.it\/it\/wp-json\/wp\/v2\/types\/page"}],"author":[{"embeddable":true,"href":"https:\/\/www.colago.it\/it\/wp-json\/wp\/v2\/users\/1"}],"replies":[{"embeddable":true,"href":"https:\/\/www.colago.it\/it\/wp-json\/wp\/v2\/comments?post=9026"}],"version-history":[{"count":0,"href":"https:\/\/www.colago.it\/it\/wp-json\/wp\/v2\/pages\/9026\/revisions"}],"wp:attachment":[{"href":"https:\/\/www.colago.it\/it\/wp-json\/wp\/v2\/media?parent=9026"}],"curies":[{"name":"wp","href":"https:\/\/api.w.org\/{rel}","templated":true}]}}