{"id":9022,"date":"2022-07-11T13:48:52","date_gmt":"2022-07-11T11:48:52","guid":{"rendered":"https:\/\/www.colago.it\/colazione\/"},"modified":"2025-08-12T09:31:16","modified_gmt":"2025-08-12T07:31:16","slug":"colazione","status":"publish","type":"page","link":"https:\/\/www.colago.it\/it\/colazione\/","title":{"rendered":"Colazione"},"content":{"rendered":"\t\t<div data-elementor-type=\"wp-page\" data-elementor-id=\"9022\" class=\"elementor elementor-9022 elementor-837\" data-elementor-post-type=\"page\">\n\t\t\t\t<div class=\"elementor-element elementor-element-2dc17fd e-con-full e-flex e-con e-parent\" data-id=\"2dc17fd\" data-element_type=\"container\">\n\t\t<div data-dce-background-overlay-color=\"#FFFFFF00\" data-dce-background-image-url=\"https:\/\/www.colago.it\/wp-content\/uploads\/2025\/07\/colago-sala-colazione.jpg\" class=\"elementor-element elementor-element-247c724 e-con-full e-flex e-con e-child\" data-id=\"247c724\" data-element_type=\"container\" data-settings=\"{&quot;background_background&quot;:&quot;classic&quot;}\">\n\t\t\t\t<div class=\"elementor-element elementor-element-7da96ee elementor-widget elementor-widget-spacer\" data-id=\"7da96ee\" data-element_type=\"widget\" data-widget_type=\"spacer.default\">\n\t\t\t\t<div class=\"elementor-widget-container\">\n\t\t\t\t\t\t\t<div class=\"elementor-spacer\">\n\t\t\t<div class=\"elementor-spacer-inner\"><\/div>\n\t\t<\/div>\n\t\t\t\t\t\t<\/div>\n\t\t\t\t<\/div>\n\t\t\t\t<\/div>\n\t\t<div data-dce-background-image-url=\"https:\/\/www.colago.it\/wp-content\/uploads\/2023\/06\/pattern-header-Logo2.jpg\" class=\"elementor-element elementor-element-3400b9e elementor-hidden-mobile e-con-full e-flex e-con e-child\" data-id=\"3400b9e\" data-element_type=\"container\" data-settings=\"{&quot;background_background&quot;:&quot;classic&quot;}\">\n\t\t\t\t<div class=\"elementor-element elementor-element-a0d9eb3 elementor-widget elementor-widget-spacer\" data-id=\"a0d9eb3\" data-element_type=\"widget\" data-widget_type=\"spacer.default\">\n\t\t\t\t<div class=\"elementor-widget-container\">\n\t\t\t\t\t\t\t<div class=\"elementor-spacer\">\n\t\t\t<div class=\"elementor-spacer-inner\"><\/div>\n\t\t<\/div>\n\t\t\t\t\t\t<\/div>\n\t\t\t\t<\/div>\n\t\t\t\t<\/div>\n\t\t\t\t<\/div>\n\t\t<div data-dce-background-image-url=\"https:\/\/www.colago.it\/wp-content\/uploads\/2023\/06\/pattern-background.png\" class=\"elementor-element elementor-element-b7c2944 animated-slow e-flex e-con-boxed e-con e-parent\" data-id=\"b7c2944\" data-element_type=\"container\" data-settings=\"{&quot;animation&quot;:&quot;none&quot;,&quot;background_background&quot;:&quot;classic&quot;}\">\n\t\t\t\t\t<div class=\"e-con-inner\">\n\t\t<div class=\"elementor-element elementor-element-0711dc2 e-con-full e-flex e-con e-child\" data-id=\"0711dc2\" data-element_type=\"container\">\n\t\t\t\t<div class=\"elementor-element elementor-element-addd0c3 animated-slow elementor-invisible elementor-widget elementor-widget-heading\" data-id=\"addd0c3\" data-element_type=\"widget\" data-settings=\"{&quot;_animation&quot;:&quot;fadeInUp&quot;}\" data-widget_type=\"heading.default\">\n\t\t\t\t<div class=\"elementor-widget-container\">\n\t\t\t\t\t<h1 class=\"elementor-heading-title elementor-size-default\">Colazione al COLAGO<\/h1>\t\t\t\t<\/div>\n\t\t\t\t<\/div>\n\t\t\t\t<div class=\"elementor-element elementor-element-469505d animated-slow elementor-invisible elementor-widget elementor-widget-heading\" data-id=\"469505d\" data-element_type=\"widget\" data-settings=\"{&quot;_animation&quot;:&quot;fadeInUp&quot;,&quot;_animation_delay&quot;:&quot;200&quot;}\" data-widget_type=\"heading.default\">\n\t\t\t\t<div class=\"elementor-widget-container\">\n\t\t\t\t\t<h3 class=\"elementor-heading-title elementor-size-default\">DELIZIE CULINARIE SUL LAGO DI GARDA<\/h3>\t\t\t\t<\/div>\n\t\t\t\t<\/div>\n\t\t\t\t<div class=\"elementor-element elementor-element-262dd59 animated-slow elementor-invisible elementor-widget elementor-widget-text-editor\" data-id=\"262dd59\" data-element_type=\"widget\" data-settings=\"{&quot;_animation&quot;:&quot;fadeInUp&quot;}\" data-widget_type=\"text-editor.default\">\n\t\t\t\t<div class=\"elementor-widget-container\">\n\t\t\t\t\t\t\t\t\t<p class=\"p1\">Chi sceglie di trascorrere le vacanze nelle nostre ville private a Toscolano Maderno, sopra le rive del Lago di Garda, non lo fa solo per il paesaggio mozzafiato, per l\u2019acqua blu profondo o per la magia del lago che si accende fin dal primo sguardo \u2013 ma anche per assaporare la cucina italiana, giusto?<\/p><p class=\"p1\">Ecco perch\u00e9 ogni giornata al COLAGO <strong>inizia con una colazione ricca di gusto e ispirata ai sapori locali<\/strong> \u2013 il modo ideale per dare inizio a un\u2019altra giornata di vacanza all\u2019insegna del relax.<\/p><p><strong>Lasciati tentare da tutte le delizie culinarie che il Lago di Garda e i dintorni di Toscolano Maderno hanno da offrire<\/strong> &#8211; a colazione, ma anche a pranzo o a cena. Di cosa avresti voglia?<\/p><p>Pizza o pasta, pesce e frutti di mare o tagliata di manzo? E, per finire, tiramis\u00f9 o un rinfrescante limoncello? <strong>I ristoranti della zona possono soddisfare tutte le tue voglie culinarie<\/strong>. Per aiutarti nella scelta, siamo lieti di presentarti alcuni dei ristoranti che si trovano nei pressi del COLAGO.<\/p>\t\t\t\t\t\t\t\t<\/div>\n\t\t\t\t<\/div>\n\t\t<div class=\"elementor-element elementor-element-6388360 e-con-full e-flex e-con e-child\" data-id=\"6388360\" data-element_type=\"container\">\n\t\t<div class=\"elementor-element elementor-element-b5922de e-con-full e-flex e-con e-child\" data-id=\"b5922de\" data-element_type=\"container\">\n\t\t\t\t<\/div>\n\t\t<div class=\"elementor-element elementor-element-f2f4fe4 e-con-full elementor-hidden-mobile e-flex e-con e-child\" data-id=\"f2f4fe4\" data-element_type=\"container\">\n\t\t\t\t<\/div>\n\t\t<div class=\"elementor-element elementor-element-6299c44 e-con-full e-flex e-con e-child\" data-id=\"6299c44\" data-element_type=\"container\">\n\t\t\t\t<div class=\"elementor-element elementor-element-344dfb4 animated-slow elementor-align-right elementor-mobile-align-left elementor-invisible elementor-widget elementor-widget-button\" data-id=\"344dfb4\" data-element_type=\"widget\" data-settings=\"{&quot;_animation&quot;:&quot;fadeInUp&quot;}\" data-widget_type=\"button.default\">\n\t\t\t\t<div class=\"elementor-widget-container\">\n\t\t\t\t\t\t\t\t\t<div class=\"elementor-button-wrapper\">\n\t\t\t\t\t<a class=\"elementor-button elementor-button-link elementor-size-sm\" href=\"https:\/\/www.colago.it\/it\/ristoranti-consigliati\/\">\n\t\t\t\t\t\t<span class=\"elementor-button-content-wrapper\">\n\t\t\t\t\t\t<span class=\"elementor-button-icon\">\n\t\t\t\t<svg xmlns=\"http:\/\/www.w3.org\/2000\/svg\" xmlns:xlink=\"http:\/\/www.w3.org\/1999\/xlink\" id=\"Ebene_1\" x=\"0px\" y=\"0px\" viewBox=\"0 0 20.4 13\" style=\"enable-background:new 0 0 20.4 13;\" xml:space=\"preserve\"><path d=\"M20,6.2l-6.3-5.9c-0.2-0.1-0.4-0.1-0.6,0c-0.2,0.2-0.1,0.4,0,0.6l5.6,5.2h-18c-0.2,0-0.4,0.2-0.4,0.4s0.2,0.4,0.4,0.4h18 l-5.6,5.2c-0.2,0.2-0.2,0.4,0,0.6c0.1,0.1,0.2,0.1,0.3,0.1c0.1,0,0.2,0,0.3-0.1L20,6.8c0.1-0.1,0.1-0.2,0.1-0.3S20.1,6.3,20,6.2z\"><\/path><\/svg>\t\t\t<\/span>\n\t\t\t\t\t\t\t\t\t<span class=\"elementor-button-text\">ristoranti<\/span>\n\t\t\t\t\t<\/span>\n\t\t\t\t\t<\/a>\n\t\t\t\t<\/div>\n\t\t\t\t\t\t\t\t<\/div>\n\t\t\t\t<\/div>\n\t\t\t\t<\/div>\n\t\t\t\t<\/div>\n\t\t\t\t<\/div>\n\t\t\t\t\t<\/div>\n\t\t\t\t<\/div>\n\t\t<div data-dce-background-color=\"#DEDDD7\" class=\"elementor-element elementor-element-eb8a154 animated-slow e-flex e-con-boxed e-con e-parent\" data-id=\"eb8a154\" data-element_type=\"container\" data-settings=\"{&quot;animation&quot;:&quot;none&quot;,&quot;background_background&quot;:&quot;gradient&quot;}\">\n\t\t\t\t\t<div class=\"e-con-inner\">\n\t\t<div class=\"elementor-element elementor-element-222dfd3 e-con-full e-flex e-con e-child\" data-id=\"222dfd3\" data-element_type=\"container\">\n\t\t\t\t<div class=\"elementor-element elementor-element-6bdb2b4 animated-slow elementor-invisible elementor-widget elementor-widget-heading\" data-id=\"6bdb2b4\" data-element_type=\"widget\" data-settings=\"{&quot;_animation&quot;:&quot;fadeInUp&quot;}\" data-widget_type=\"heading.default\">\n\t\t\t\t<div class=\"elementor-widget-container\">\n\t\t\t\t\t<h2 class=\"elementor-heading-title elementor-size-default\">Colazione inclusa<\/h2>\t\t\t\t<\/div>\n\t\t\t\t<\/div>\n\t\t\t\t<div class=\"elementor-element elementor-element-0a25dc8 animated-slow elementor-invisible elementor-widget elementor-widget-heading\" data-id=\"0a25dc8\" data-element_type=\"widget\" data-settings=\"{&quot;_animation&quot;:&quot;fadeInUp&quot;,&quot;_animation_delay&quot;:&quot;200&quot;}\" data-widget_type=\"heading.default\">\n\t\t\t\t<div class=\"elementor-widget-container\">\n\t\t\t\t\t<h3 class=\"elementor-heading-title elementor-size-default\">L'INIZIO PERFETTO DELLA TUA GIORNATA DI VACANZA<\/h3>\t\t\t\t<\/div>\n\t\t\t\t<\/div>\n\t\t\t\t<div class=\"elementor-element elementor-element-1f837af animated-slow elementor-invisible elementor-widget elementor-widget-text-editor\" data-id=\"1f837af\" data-element_type=\"widget\" data-settings=\"{&quot;_animation&quot;:&quot;fadeInUp&quot;,&quot;_animation_delay&quot;:&quot;200&quot;}\" data-widget_type=\"text-editor.default\">\n\t\t\t\t<div class=\"elementor-widget-container\">\n\t\t\t\t\t\t\t\t\t<p class=\"p1\">Ogni mattina al COLAGO ti aspetta un risveglio all\u2019insegna del gusto e del benessere, con una deliziosa colazione servita nella nostra accogliente sala colazione.<\/p>\n<p class=\"p1\">Se soggiorni nella Villa L&#8217;Olivaia, ti coccoleremo con una colazione esclusiva consegnata direttamente nella tua villa. <strong>Inizia la giornata con un\u2019esperienza culinaria raffinata<\/strong>, senza dover muovere un passo.<\/p>\t\t\t\t\t\t\t\t<\/div>\n\t\t\t\t<\/div>\n\t\t\t\t<\/div>\n\t\t<div class=\"elementor-element elementor-element-fb883bd animated-slow e-con-full e-flex e-con e-child\" data-id=\"fb883bd\" data-element_type=\"container\" data-settings=\"{&quot;background_background&quot;:&quot;classic&quot;,&quot;animation&quot;:&quot;none&quot;}\">\n\t\t\t\t<div class=\"elementor-element elementor-element-f766d82 dce_masking-none elementor-widget elementor-widget-image\" data-id=\"f766d82\" data-element_type=\"widget\" data-widget_type=\"image.default\">\n\t\t\t\t<div class=\"elementor-widget-container\">\n\t\t\t\t\t\t\t\t\t\t\t\t\t\t\t<img fetchpriority=\"high\" decoding=\"async\" width=\"2560\" height=\"1708\" src=\"https:\/\/www.colago.it\/wp-content\/uploads\/2023\/10\/colazione-lago-garda-colago-scaled.jpg\" class=\"attachment-full size-full wp-image-10811\" alt=\"Colazione lago di Garda - Colago\" srcset=\"https:\/\/www.colago.it\/wp-content\/uploads\/2023\/10\/colazione-lago-garda-colago-scaled.jpg 2560w, https:\/\/www.colago.it\/wp-content\/uploads\/2023\/10\/colazione-lago-garda-colago-300x200.jpg 300w, https:\/\/www.colago.it\/wp-content\/uploads\/2023\/10\/colazione-lago-garda-colago-1024x683.jpg 1024w, https:\/\/www.colago.it\/wp-content\/uploads\/2023\/10\/colazione-lago-garda-colago-768x513.jpg 768w, https:\/\/www.colago.it\/wp-content\/uploads\/2023\/10\/colazione-lago-garda-colago-1536x1025.jpg 1536w, https:\/\/www.colago.it\/wp-content\/uploads\/2023\/10\/colazione-lago-garda-colago-2048x1367.jpg 2048w\" sizes=\"(max-width: 2560px) 100vw, 2560px\" \/>\t\t\t\t\t\t\t\t\t\t\t\t\t\t\t<\/div>\n\t\t\t\t<\/div>\n\t\t\t\t<\/div>\n\t\t\t\t\t<\/div>\n\t\t\t\t<\/div>\n\t\t<div data-dce-background-image-url=\"https:\/\/www.colago.it\/wp-content\/uploads\/2023\/06\/pattern-background.png\" class=\"elementor-element elementor-element-25d6e29 animated-slow e-flex e-con-boxed e-con e-parent\" data-id=\"25d6e29\" data-element_type=\"container\" data-settings=\"{&quot;animation&quot;:&quot;none&quot;,&quot;background_background&quot;:&quot;classic&quot;}\">\n\t\t\t\t\t<div class=\"e-con-inner\">\n\t\t<div class=\"elementor-element elementor-element-b2a29da e-con-full e-flex e-con e-child\" data-id=\"b2a29da\" data-element_type=\"container\">\n\t\t\t\t<div class=\"elementor-element elementor-element-d2292e8 animated-slow elementor-invisible elementor-widget elementor-widget-text-editor\" data-id=\"d2292e8\" data-element_type=\"widget\" data-settings=\"{&quot;_animation&quot;:&quot;fadeInUp&quot;}\" data-widget_type=\"text-editor.default\">\n\t\t\t\t<div class=\"elementor-widget-container\">\n\t\t\t\t\t\t\t\t\t<p>Poich\u00e9 scegliere prodotti locali \u00e8 sempre una buona idea, cerchiamo di rifornirci da agricoltori del posto. <strong>Per il caff\u00e8, nella tua villa privata sar\u00e0 disponibile una macchina da caff\u00e8 di alta qualit\u00e0<\/strong>. Cos\u00ec potrai preparare un espresso, un cappuccino o un caffelatte di tuo gusto e goderti una splendida colazione.<\/p>\t\t\t\t\t\t\t\t<\/div>\n\t\t\t\t<\/div>\n\t\t<div class=\"elementor-element elementor-element-f92e0b3 e-con-full e-flex e-con e-child\" data-id=\"f92e0b3\" data-element_type=\"container\">\n\t\t<div class=\"elementor-element elementor-element-3ec3222 e-con-full e-flex e-con e-child\" data-id=\"3ec3222\" data-element_type=\"container\">\n\t\t\t\t<div class=\"elementor-element elementor-element-8ba40c9 animated-slow elementor-align-left elementor-invisible elementor-widget elementor-widget-button\" data-id=\"8ba40c9\" data-element_type=\"widget\" data-settings=\"{&quot;_animation&quot;:&quot;fadeInUp&quot;}\" data-widget_type=\"button.default\">\n\t\t\t\t<div class=\"elementor-widget-container\">\n\t\t\t\t\t\t\t\t\t<div class=\"elementor-button-wrapper\">\n\t\t\t\t\t<a class=\"elementor-button elementor-button-link elementor-size-sm\" href=\"https:\/\/www.colago.it\/it\/ville-lago-di-garda\/\">\n\t\t\t\t\t\t<span class=\"elementor-button-content-wrapper\">\n\t\t\t\t\t\t<span class=\"elementor-button-icon\">\n\t\t\t\t<svg xmlns=\"http:\/\/www.w3.org\/2000\/svg\" xmlns:xlink=\"http:\/\/www.w3.org\/1999\/xlink\" id=\"Ebene_1\" x=\"0px\" y=\"0px\" viewBox=\"0 0 20.4 13\" style=\"enable-background:new 0 0 20.4 13;\" xml:space=\"preserve\"><path d=\"M20,6.2l-6.3-5.9c-0.2-0.1-0.4-0.1-0.6,0c-0.2,0.2-0.1,0.4,0,0.6l5.6,5.2h-18c-0.2,0-0.4,0.2-0.4,0.4s0.2,0.4,0.4,0.4h18 l-5.6,5.2c-0.2,0.2-0.2,0.4,0,0.6c0.1,0.1,0.2,0.1,0.3,0.1c0.1,0,0.2,0,0.3-0.1L20,6.8c0.1-0.1,0.1-0.2,0.1-0.3S20.1,6.3,20,6.2z\"><\/path><\/svg>\t\t\t<\/span>\n\t\t\t\t\t\t\t\t\t<span class=\"elementor-button-text\">Le ville private<\/span>\n\t\t\t\t\t<\/span>\n\t\t\t\t\t<\/a>\n\t\t\t\t<\/div>\n\t\t\t\t\t\t\t\t<\/div>\n\t\t\t\t<\/div>\n\t\t\t\t<\/div>\n\t\t<div class=\"elementor-element elementor-element-0f8aa97 e-con-full e-flex e-con e-child\" data-id=\"0f8aa97\" data-element_type=\"container\">\n\t\t\t\t<\/div>\n\t\t<div class=\"elementor-element elementor-element-43f8578 e-con-full elementor-hidden-mobile e-flex e-con e-child\" data-id=\"43f8578\" data-element_type=\"container\">\n\t\t\t\t<\/div>\n\t\t\t\t<\/div>\n\t\t\t\t<\/div>\n\t\t\t\t\t<\/div>\n\t\t\t\t<\/div>\n\t\t<div class=\"elementor-element elementor-element-b11d0bf e-con-full e-flex e-con e-parent\" data-id=\"b11d0bf\" data-element_type=\"container\">\n\t\t<div class=\"elementor-element elementor-element-03de6de e-con-full e-flex e-con e-child\" data-id=\"03de6de\" data-element_type=\"container\">\n\t\t\t\t<div class=\"elementor-element elementor-element-1853b75 elementor-arrows-position-inside elementor-widget elementor-widget-image-carousel\" data-id=\"1853b75\" data-element_type=\"widget\" data-settings=\"{&quot;slides_to_show_tablet&quot;:&quot;2&quot;,&quot;slides_to_show_mobile&quot;:&quot;1&quot;,&quot;navigation&quot;:&quot;arrows&quot;,&quot;autoplay&quot;:&quot;yes&quot;,&quot;pause_on_hover&quot;:&quot;yes&quot;,&quot;pause_on_interaction&quot;:&quot;yes&quot;,&quot;autoplay_speed&quot;:5000,&quot;infinite&quot;:&quot;yes&quot;,&quot;speed&quot;:500}\" data-widget_type=\"image-carousel.default\">\n\t\t\t\t<div class=\"elementor-widget-container\">\n\t\t\t\t\t\t\t<div class=\"elementor-image-carousel-wrapper swiper\" role=\"region\" aria-roledescription=\"carousel\" aria-label=\"Carosello d&#039;immagini\" dir=\"ltr\">\n\t\t\t<div class=\"elementor-image-carousel swiper-wrapper\" aria-live=\"off\">\n\t\t\t\t\t\t\t\t<div class=\"swiper-slide\" role=\"group\" aria-roledescription=\"slide\" aria-label=\"1 di 4\"><figure class=\"swiper-slide-inner\"><img decoding=\"async\" class=\"swiper-slide-image\" src=\"https:\/\/www.colago.it\/wp-content\/uploads\/2023\/12\/colago_breakfast-1536x1024.jpg\" alt=\"COLAGO - Breakfast\" \/><\/figure><\/div><div class=\"swiper-slide\" role=\"group\" aria-roledescription=\"slide\" aria-label=\"2 di 4\"><figure class=\"swiper-slide-inner\"><img decoding=\"async\" class=\"swiper-slide-image\" src=\"https:\/\/www.colago.it\/wp-content\/uploads\/2024\/01\/Colago-15.-16.11.23-WEB-\u00a9-Tschager-Alfred-283-848-1536x1024.jpg\" alt=\"Colago 15.-16.11.23 WEB \u00a9 Tschager Alfred-283-848\" \/><\/figure><\/div><div class=\"swiper-slide\" role=\"group\" aria-roledescription=\"slide\" aria-label=\"3 di 4\"><figure class=\"swiper-slide-inner\"><img decoding=\"async\" class=\"swiper-slide-image\" src=\"https:\/\/www.colago.it\/wp-content\/uploads\/2024\/01\/Colago-15.-16.11.23-WEB-\u00a9-Tschager-Alfred-115-848-scaled-e1705243232293-1536x1024.jpg\" alt=\"Colago 15.-16.11.23 WEB \u00a9 Tschager Alfred-115-848\" \/><\/figure><\/div><div class=\"swiper-slide\" role=\"group\" aria-roledescription=\"slide\" aria-label=\"4 di 4\"><figure class=\"swiper-slide-inner\"><img decoding=\"async\" class=\"swiper-slide-image\" src=\"https:\/\/www.colago.it\/wp-content\/uploads\/2024\/01\/Colago-15.-16.11.23-WEB-\u00a9-Tschager-Alfred-105-848-1536x1024.jpg\" alt=\"Colago 15.-16.11.23 WEB \u00a9 Tschager Alfred-105-848\" \/><\/figure><\/div>\t\t\t<\/div>\n\t\t\t\t\t\t\t\t\t\t\t\t<div class=\"elementor-swiper-button elementor-swiper-button-prev\" role=\"button\" tabindex=\"0\">\n\t\t\t\t\t\t<i aria-hidden=\"true\" class=\"eicon-chevron-left\"><\/i>\t\t\t\t\t<\/div>\n\t\t\t\t\t<div class=\"elementor-swiper-button elementor-swiper-button-next\" role=\"button\" tabindex=\"0\">\n\t\t\t\t\t\t<i aria-hidden=\"true\" class=\"eicon-chevron-right\"><\/i>\t\t\t\t\t<\/div>\n\t\t\t\t\n\t\t\t\t\t\t\t\t\t<\/div>\n\t\t\t\t\t\t<\/div>\n\t\t\t\t<\/div>\n\t\t\t\t<\/div>\n\t\t\t\t<\/div>\n\t\t\t\t<\/div>\n\t\t","protected":false},"excerpt":{"rendered":"<p>Al COLAGO potrai goderti una ricca colazione e decidere di consumarla nel nostro ristorante oppure a domicilio<\/p>\n","protected":false},"author":1,"featured_media":0,"parent":0,"menu_order":0,"comment_status":"closed","ping_status":"closed","template":"","meta":{"footnotes":""},"class_list":["post-9022","page","type-page","status-publish","hentry"],"_links":{"self":[{"href":"https:\/\/www.colago.it\/it\/wp-json\/wp\/v2\/pages\/9022","targetHints":{"allow":["GET"]}}],"collection":[{"href":"https:\/\/www.colago.it\/it\/wp-json\/wp\/v2\/pages"}],"about":[{"href":"https:\/\/www.colago.it\/it\/wp-json\/wp\/v2\/types\/page"}],"author":[{"embeddable":true,"href":"https:\/\/www.colago.it\/it\/wp-json\/wp\/v2\/users\/1"}],"replies":[{"embeddable":true,"href":"https:\/\/www.colago.it\/it\/wp-json\/wp\/v2\/comments?post=9022"}],"version-history":[{"count":0,"href":"https:\/\/www.colago.it\/it\/wp-json\/wp\/v2\/pages\/9022\/revisions"}],"wp:attachment":[{"href":"https:\/\/www.colago.it\/it\/wp-json\/wp\/v2\/media?parent=9022"}],"curies":[{"name":"wp","href":"https:\/\/api.w.org\/{rel}","templated":true}]}}