{"id":8977,"date":"2022-05-13T07:34:57","date_gmt":"2022-05-13T05:34:57","guid":{"rendered":"https:\/\/www.colago.it\/note-legali\/"},"modified":"2025-08-21T15:30:28","modified_gmt":"2025-08-21T13:30:28","slug":"note-legali","status":"publish","type":"page","link":"https:\/\/www.colago.it\/it\/note-legali\/","title":{"rendered":"Note legali"},"content":{"rendered":"\t\t<div data-elementor-type=\"wp-page\" data-elementor-id=\"8977\" class=\"elementor elementor-8977 elementor-25\" data-elementor-post-type=\"page\">\n\t\t\t\t<div class=\"elementor-element elementor-element-98d3c86 e-flex e-con-boxed e-con e-parent\" data-id=\"98d3c86\" data-element_type=\"container\">\n\t\t\t\t\t<div class=\"e-con-inner\">\n\t\t<div class=\"elementor-element elementor-element-f938554 e-con-full e-flex e-con e-child\" data-id=\"f938554\" data-element_type=\"container\">\n\t\t\t\t<div class=\"elementor-element elementor-element-93e7bde elementor-widget elementor-widget-heading\" data-id=\"93e7bde\" data-element_type=\"widget\" data-widget_type=\"heading.default\">\n\t\t\t\t<div class=\"elementor-widget-container\">\n\t\t\t\t\t<h2 class=\"elementor-heading-title elementor-size-default\">Responsabile<\/h2>\t\t\t\t<\/div>\n\t\t\t\t<\/div>\n\t\t\t\t<div class=\"elementor-element elementor-element-739ec03 elementor-widget elementor-widget-text-editor\" data-id=\"739ec03\" data-element_type=\"widget\" data-widget_type=\"text-editor.default\">\n\t\t\t\t<div class=\"elementor-widget-container\">\n\t\t\t\t\t\t\t\t\t<p>COLAGO SRLS<br \/>Pixner Joachim<br \/>Via Sassello 44<br \/>25088 Toscolano Maderno (BS)<br \/>info@colago.it<br \/>Part. IVA: IT04496630981<br \/>CIN: IT017187A1QVOYTAFE<\/p>\t\t\t\t\t\t\t\t<\/div>\n\t\t\t\t<\/div>\n\t\t\t\t<\/div>\n\t\t<div class=\"elementor-element elementor-element-2ca6259 e-con-full e-flex e-con e-child\" data-id=\"2ca6259\" data-element_type=\"container\">\n\t\t\t\t<div class=\"elementor-element elementor-element-4a4e742 elementor-widget elementor-widget-heading\" data-id=\"4a4e742\" data-element_type=\"widget\" data-widget_type=\"heading.default\">\n\t\t\t\t<div class=\"elementor-widget-container\">\n\t\t\t\t\t<h2 class=\"elementor-heading-title elementor-size-default\">Design e realizzazione<\/h2>\t\t\t\t<\/div>\n\t\t\t\t<\/div>\n\t\t\t\t<div class=\"elementor-element elementor-element-cc694f5 elementor-widget elementor-widget-text-editor\" data-id=\"cc694f5\" data-element_type=\"widget\" data-widget_type=\"text-editor.default\">\n\t\t\t\t<div class=\"elementor-widget-container\">\n\t\t\t\t\t\t\t\t\t<p>Kreativagentur Minedesign OHG<br \/>di Daniel Olivieri &amp; Matthias Mur<br \/>Via Fraghes 6, 39043 Chiusa<br \/>T. 0472 847 216<br \/><a style=\"font-family: Roboto; font-size: 17px; font-weight: 300; color: #363636;\" href=\"mailto:info@minedesign.it\">info@minedesign.it<\/a><br \/><a style=\"font-family: Roboto; font-size: 17px; font-weight: 300; color: #363636;\" href=\"https:\/\/minedesign.it\">minedesign.it<\/a><\/p>\t\t\t\t\t\t\t\t<\/div>\n\t\t\t\t<\/div>\n\t\t\t\t<\/div>\n\t\t<div class=\"elementor-element elementor-element-7ecf95f e-con-full e-flex e-con e-child\" data-id=\"7ecf95f\" data-element_type=\"container\">\n\t\t\t\t<div class=\"elementor-element elementor-element-0aaccb7 elementor-widget elementor-widget-heading\" data-id=\"0aaccb7\" data-element_type=\"widget\" data-widget_type=\"heading.default\">\n\t\t\t\t<div class=\"elementor-widget-container\">\n\t\t\t\t\t<h2 class=\"elementor-heading-title elementor-size-default\">Riferimento<\/h2>\t\t\t\t<\/div>\n\t\t\t\t<\/div>\n\t\t\t\t<div class=\"elementor-element elementor-element-5adef45 elementor-widget elementor-widget-text-editor\" data-id=\"5adef45\" data-element_type=\"widget\" data-widget_type=\"text-editor.default\">\n\t\t\t\t<div class=\"elementor-widget-container\">\n\t\t\t\t\t\t\t\t\t<p><strong>Imagini, Foto e grafiche<\/strong><br \/>\u00a9 <a href=\"https:\/\/tschager-foto.com\/\" target=\"_blank\" rel=\"noopener\">Alfred Tschager-Photography<\/a>, <a href=\"https:\/\/www.flipflopcollective.com\/\" target=\"_blank\" rel=\"noopener\">Andreas Tauber FlipFlop Collective<\/a>; Mavis; Shutterstock;\u00a0Pexels, Pixabay, Unsplash; MineDesign;<\/p><p><strong>\u00a0<\/strong><\/p><p><strong>Testi<\/strong><br \/>\u00a9 Valmontis Tourism Consulting; Colago<\/p>\t\t\t\t\t\t\t\t<\/div>\n\t\t\t\t<\/div>\n\t\t\t\t<\/div>\n\t\t\t\t\t<\/div>\n\t\t\t\t<\/div>\n\t\t<div class=\"elementor-element elementor-element-f574d14 e-flex e-con-boxed e-con e-parent\" data-id=\"f574d14\" data-element_type=\"container\">\n\t\t\t\t\t<div class=\"e-con-inner\">\n\t\t<div class=\"elementor-element elementor-element-756381b e-con-full e-flex e-con e-child\" data-id=\"756381b\" data-element_type=\"container\">\n\t\t\t\t<div class=\"elementor-element elementor-element-47192f8 elementor-widget elementor-widget-heading\" data-id=\"47192f8\" data-element_type=\"widget\" data-widget_type=\"heading.default\">\n\t\t\t\t<div class=\"elementor-widget-container\">\n\t\t\t\t\t<h2 class=\"elementor-heading-title elementor-size-default\">Dichiariazione liberatoria<\/h2>\t\t\t\t<\/div>\n\t\t\t\t<\/div>\n\t\t\t\t<\/div>\n\t\t\t\t\t<\/div>\n\t\t\t\t<\/div>\n\t\t<div class=\"elementor-element elementor-element-b5b09b0 e-flex e-con-boxed e-con e-parent\" data-id=\"b5b09b0\" data-element_type=\"container\">\n\t\t\t\t\t<div class=\"e-con-inner\">\n\t\t<div class=\"elementor-element elementor-element-01e433e e-con-full e-flex e-con e-child\" data-id=\"01e433e\" data-element_type=\"container\">\n\t\t\t\t<div class=\"elementor-element elementor-element-894c167 elementor-widget elementor-widget-heading\" data-id=\"894c167\" data-element_type=\"widget\" data-widget_type=\"heading.default\">\n\t\t\t\t<div class=\"elementor-widget-container\">\n\t\t\t\t\t<h2 class=\"elementor-heading-title elementor-size-default\">Responsabilit\u00e0 per contenuti<\/h2>\t\t\t\t<\/div>\n\t\t\t\t<\/div>\n\t\t\t\t<div class=\"elementor-element elementor-element-1084833 elementor-widget elementor-widget-text-editor\" data-id=\"1084833\" data-element_type=\"widget\" data-widget_type=\"text-editor.default\">\n\t\t\t\t<div class=\"elementor-widget-container\">\n\t\t\t\t\t\t\t\t\t<p>I contenuti delle nostre pagine sono stati creati con la massima cura. Tuttavia, non ci assumiamo alcuna responsabilit\u00e0 per la correttezza, la completezza e l\u2019attualit\u00e0 dei contenuti. In qualit\u00e0 di fornitore di servizi, siamo responsabili dei contenuti di queste pagine in conformit\u00e0 con le leggi generali. Tuttavia, in qualit\u00e0 di fornitore di servizi, non siamo obbligati a controllare le informazioni trasmesse o memorizzate da terzi o a indagare su circostanze che indicano un\u2019attivit\u00e0 illegale. L\u2019obbligo di rimuovere o bloccare l\u2019uso delle informazioni in conformit\u00e0 alle leggi generali rimane inalterato. Tuttavia, la responsabilit\u00e0 a tale riguardo \u00e8 possibile solo a partire dal momento in cui si viene a conoscenza di una violazione concreta della legge. Non appena veniamo a conoscenza di tali violazioni, provvederemo a rimuovere immediatamente questi contenuti.<\/p>\n\t\t\t\t\t\t\t\t<\/div>\n\t\t\t\t<\/div>\n\t\t\t\t<\/div>\n\t\t\t\t\t<\/div>\n\t\t\t\t<\/div>\n\t\t<div class=\"elementor-element elementor-element-0ab7a52 e-flex e-con-boxed e-con e-parent\" data-id=\"0ab7a52\" data-element_type=\"container\">\n\t\t\t\t\t<div class=\"e-con-inner\">\n\t\t<div class=\"elementor-element elementor-element-565c829 e-con-full e-flex e-con e-child\" data-id=\"565c829\" data-element_type=\"container\">\n\t\t\t\t<div class=\"elementor-element elementor-element-d0fefb1 elementor-widget elementor-widget-heading\" data-id=\"d0fefb1\" data-element_type=\"widget\" data-widget_type=\"heading.default\">\n\t\t\t\t<div class=\"elementor-widget-container\">\n\t\t\t\t\t<h2 class=\"elementor-heading-title elementor-size-default\">Responsabilit\u00e0 per i link<\/h2>\t\t\t\t<\/div>\n\t\t\t\t<\/div>\n\t\t\t\t<div class=\"elementor-element elementor-element-56a807a elementor-widget elementor-widget-text-editor\" data-id=\"56a807a\" data-element_type=\"widget\" data-widget_type=\"text-editor.default\">\n\t\t\t\t<div class=\"elementor-widget-container\">\n\t\t\t\t\t\t\t\t\t<p>La nostra offerta contiene link a siti web esterni di terzi, sui cui contenuti non abbiamo alcuna influenza. Pertanto, non possiamo assumerci alcuna responsabilit\u00e0 per questi contenuti esterni. Il rispettivo fornitore o gestore delle pagine \u00e8 sempre responsabile dei contenuti delle pagine collegate. Le pagine collegate sono state controllate per verificare l\u2019assenza di possibili infrazioni legali al momento del collegamento. I contenuti illegali non erano riconoscibili al momento del collegamento. Tuttavia, un controllo permanente dei contenuti delle pagine collegate non \u00e8 ragionevole senza prove concrete di una violazione della legge. Noi rimuoveremo tali link immediatamente dopo essere venuti a conoscenza di eventuali violazioni della legge.<\/p>\n\t\t\t\t\t\t\t\t<\/div>\n\t\t\t\t<\/div>\n\t\t\t\t<\/div>\n\t\t\t\t\t<\/div>\n\t\t\t\t<\/div>\n\t\t<div class=\"elementor-element elementor-element-2794914 e-flex e-con-boxed e-con e-parent\" data-id=\"2794914\" data-element_type=\"container\">\n\t\t\t\t\t<div class=\"e-con-inner\">\n\t\t<div class=\"elementor-element elementor-element-1b14f2d e-con-full e-flex e-con e-child\" data-id=\"1b14f2d\" data-element_type=\"container\">\n\t\t\t\t<div class=\"elementor-element elementor-element-ee2aa5a elementor-widget elementor-widget-heading\" data-id=\"ee2aa5a\" data-element_type=\"widget\" data-widget_type=\"heading.default\">\n\t\t\t\t<div class=\"elementor-widget-container\">\n\t\t\t\t\t<h2 class=\"elementor-heading-title elementor-size-default\">Copyright<\/h2>\t\t\t\t<\/div>\n\t\t\t\t<\/div>\n\t\t\t\t<div class=\"elementor-element elementor-element-9c8a88d elementor-widget elementor-widget-text-editor\" data-id=\"9c8a88d\" data-element_type=\"widget\" data-widget_type=\"text-editor.default\">\n\t\t\t\t<div class=\"elementor-widget-container\">\n\t\t\t\t\t\t\t\t\t<p>I contenuti e le opere presenti su queste pagine create dal proprietario del sito web e da terzi con accesso amministratore sono soggetti a copyright. La duplicazione, l\u2019elaborazione, la distribuzione e qualsiasi forma di commercializzazione di tale materiale al di fuori dell\u2019ambito della legge sul diritto d\u2019autore richiede il previo consenso scritto del rispettivo autore o creatore. Il download e le copie di queste pagine sono consentiti solo per uso privato e non commerciale. Nella misura in cui il contenuto di questo sito non \u00e8 stato creato dal gestore, i diritti d\u2019autore di terzi sono rispettati. In particolare, i contenuti di terzi sono contrassegnati come tali. Qualora venisse comunque a conoscenza di una violazione del diritto d\u2019autore, la preghiamo di informarci di conseguenza. Non appena ci rendiamo conto di eventuali violazioni della legge, elimineremo immediatamente tali contenuti.<\/p>\n\t\t\t\t\t\t\t\t<\/div>\n\t\t\t\t<\/div>\n\t\t\t\t<\/div>\n\t\t\t\t\t<\/div>\n\t\t\t\t<\/div>\n\t\t<div class=\"elementor-element elementor-element-64d2f82 e-flex e-con-boxed e-con e-parent\" data-id=\"64d2f82\" data-element_type=\"container\">\n\t\t\t\t\t<div class=\"e-con-inner\">\n\t\t<div class=\"elementor-element elementor-element-dd80a84 e-con-full e-flex e-con e-child\" data-id=\"dd80a84\" data-element_type=\"container\">\n\t\t\t\t<div class=\"elementor-element elementor-element-3157ef1 elementor-widget elementor-widget-heading\" data-id=\"3157ef1\" data-element_type=\"widget\" data-widget_type=\"heading.default\">\n\t\t\t\t<div class=\"elementor-widget-container\">\n\t\t\t\t\t<h2 class=\"elementor-heading-title elementor-size-default\">Risoluzione delle controversie ai sensi del regolamento UE<\/h2>\t\t\t\t<\/div>\n\t\t\t\t<\/div>\n\t\t\t\t<div class=\"elementor-element elementor-element-b90a04a elementor-widget elementor-widget-text-editor\" data-id=\"b90a04a\" data-element_type=\"widget\" data-widget_type=\"text-editor.default\">\n\t\t\t\t<div class=\"elementor-widget-container\">\n\t\t\t\t\t\t\t\t\t<p>Informazioni richieste dal regolamento (UE) n. 524\/2016 del Parlamento europeo e della piattaforma per la risoluzione online delle controversie in materia di consumo (ODR) della Commissione europea: <a style=\"color: black\" href=\"https:\/\/ec.europa.eu\/consumers\/odr\" target=\"_blank\" rel=\"noopener\">vedi link<\/a><\/p>\t\t\t\t\t\t\t\t<\/div>\n\t\t\t\t<\/div>\n\t\t\t\t<\/div>\n\t\t\t\t\t<\/div>\n\t\t\t\t<\/div>\n\t\t\t\t<\/div>\n\t\t","protected":false},"excerpt":{"rendered":"<p>Responsabile COLAGO SRLSPixner JoachimVia Sassello 4425088 Toscolano Maderno (BS)info@colago.itPart. IVA: IT04496630981CIN: IT017187A1QVOYTAFE Design e realizzazione Kreativagentur Minedesign OHGdi Daniel Olivieri &amp; Matthias MurVia Fraghes 6, 39043 ChiusaT. 0472 847 216info@minedesign.itminedesign.it Riferimento Imagini, Foto e grafiche\u00a9 Alfred Tschager-Photography, Andreas Tauber FlipFlop Collective; Mavis; Shutterstock;\u00a0Pexels, Pixabay, Unsplash; MineDesign; \u00a0 Testi\u00a9 Valmontis Tourism Consulting; Colago Dichiariazione liberatoria Responsabilit\u00e0 [&hellip;]<\/p>\n","protected":false},"author":1,"featured_media":0,"parent":0,"menu_order":0,"comment_status":"closed","ping_status":"closed","template":"","meta":{"footnotes":""},"class_list":["post-8977","page","type-page","status-publish","hentry"],"_links":{"self":[{"href":"https:\/\/www.colago.it\/it\/wp-json\/wp\/v2\/pages\/8977","targetHints":{"allow":["GET"]}}],"collection":[{"href":"https:\/\/www.colago.it\/it\/wp-json\/wp\/v2\/pages"}],"about":[{"href":"https:\/\/www.colago.it\/it\/wp-json\/wp\/v2\/types\/page"}],"author":[{"embeddable":true,"href":"https:\/\/www.colago.it\/it\/wp-json\/wp\/v2\/users\/1"}],"replies":[{"embeddable":true,"href":"https:\/\/www.colago.it\/it\/wp-json\/wp\/v2\/comments?post=8977"}],"version-history":[{"count":0,"href":"https:\/\/www.colago.it\/it\/wp-json\/wp\/v2\/pages\/8977\/revisions"}],"wp:attachment":[{"href":"https:\/\/www.colago.it\/it\/wp-json\/wp\/v2\/media?parent=8977"}],"curies":[{"name":"wp","href":"https:\/\/api.w.org\/{rel}","templated":true}]}}