{"id":13407,"date":"2023-03-14T14:46:39","date_gmt":"2023-03-14T13:46:39","guid":{"rendered":"https:\/\/www.colago.it\/la-limonaia\/"},"modified":"2025-08-11T14:43:19","modified_gmt":"2025-08-11T12:43:19","slug":"la-limonaia","status":"publish","type":"page","link":"https:\/\/www.colago.it\/it\/la-limonaia\/","title":{"rendered":"La Limonaia"},"content":{"rendered":"\t\t<div data-elementor-type=\"wp-page\" data-elementor-id=\"13407\" class=\"elementor elementor-13407 elementor-3884\" data-elementor-post-type=\"page\">\n\t\t\t\t<div class=\"elementor-element elementor-element-fc62856 e-con-full e-flex e-con e-parent\" data-id=\"fc62856\" data-element_type=\"container\">\n\t\t<div data-dce-background-image-url=\"https:\/\/www.colago.it\/wp-content\/uploads\/2025\/04\/limonaia2.webp\" class=\"elementor-element elementor-element-d59e094 e-con-full e-flex e-con e-child\" data-id=\"d59e094\" data-element_type=\"container\" data-settings=\"{&quot;background_background&quot;:&quot;classic&quot;}\">\n\t\t\t\t<div class=\"elementor-element elementor-element-6c48a68 elementor-widget elementor-widget-spacer\" data-id=\"6c48a68\" data-element_type=\"widget\" data-widget_type=\"spacer.default\">\n\t\t\t\t<div class=\"elementor-widget-container\">\n\t\t\t\t\t\t\t<div class=\"elementor-spacer\">\n\t\t\t<div class=\"elementor-spacer-inner\"><\/div>\n\t\t<\/div>\n\t\t\t\t\t\t<\/div>\n\t\t\t\t<\/div>\n\t\t\t\t<\/div>\n\t\t<div data-dce-background-image-url=\"https:\/\/www.colago.it\/wp-content\/uploads\/2023\/06\/pattern-header-Logo2.jpg\" class=\"elementor-element elementor-element-2d5e092 e-con-full e-flex e-con e-child\" data-id=\"2d5e092\" data-element_type=\"container\" data-settings=\"{&quot;background_background&quot;:&quot;classic&quot;}\">\n\t\t\t\t<div class=\"elementor-element elementor-element-378642e elementor-widget elementor-widget-spacer\" data-id=\"378642e\" data-element_type=\"widget\" data-widget_type=\"spacer.default\">\n\t\t\t\t<div class=\"elementor-widget-container\">\n\t\t\t\t\t\t\t<div class=\"elementor-spacer\">\n\t\t\t<div class=\"elementor-spacer-inner\"><\/div>\n\t\t<\/div>\n\t\t\t\t\t\t<\/div>\n\t\t\t\t<\/div>\n\t\t\t\t<\/div>\n\t\t\t\t<\/div>\n\t\t<div data-dce-background-image-url=\"https:\/\/www.colago.it\/wp-content\/uploads\/2023\/06\/pattern-background.png\" class=\"elementor-element elementor-element-373f505 animated-slow e-flex e-con-boxed e-con e-parent\" data-id=\"373f505\" data-element_type=\"container\" data-settings=\"{&quot;animation&quot;:&quot;none&quot;,&quot;background_background&quot;:&quot;classic&quot;}\">\n\t\t\t\t\t<div class=\"e-con-inner\">\n\t\t<div class=\"elementor-element elementor-element-1b491a3 e-con-full e-flex e-con e-child\" data-id=\"1b491a3\" data-element_type=\"container\">\n\t\t\t\t<div class=\"elementor-element elementor-element-8a91f54 animated-slow elementor-invisible elementor-widget elementor-widget-heading\" data-id=\"8a91f54\" data-element_type=\"widget\" data-settings=\"{&quot;_animation&quot;:&quot;fadeInUp&quot;}\" data-widget_type=\"heading.default\">\n\t\t\t\t<div class=\"elementor-widget-container\">\n\t\t\t\t\t<h2 class=\"elementor-heading-title elementor-size-default\">LA LIMONAIA<\/h2>\t\t\t\t<\/div>\n\t\t\t\t<\/div>\n\t\t\t\t<div class=\"elementor-element elementor-element-625e95e animated-slow elementor-invisible elementor-widget elementor-widget-text-editor\" data-id=\"625e95e\" data-element_type=\"widget\" data-settings=\"{&quot;_animation&quot;:&quot;fadeInUp&quot;}\" data-widget_type=\"text-editor.default\">\n\t\t\t\t<div class=\"elementor-widget-container\">\n\t\t\t\t\t\t\t\t\t<p class=\"p1\">Villa Limonaia \u00e8 una <strong>villa privata indipendente di 160 mq<\/strong>, immersa in un <strong>giardino recintato di 1500 mq<\/strong>, perfetta per chi cerca uno spazio all\u2019aperto esclusivo, ideale anche per chi viaggia con un cane. Goditi una vista spettacolare sul lago da ogni angolo della casa e rilassati nella <strong>tua piscina riscaldata<\/strong> o nella<strong> sauna privata<\/strong>, circondato dalla tranquillit\u00e0 della natura.<\/p>\n<p>&nbsp;<\/p>\n<p class=\"p1\">Gli interni della villa sono un perfetto connubio di eleganza e comfort: al piano superiore, troverai una grande cucina openspace completamente attrezzata, che si apre su una luminosissima zona pranzo. Il salotto raffinato, con ampie vetrate, offre una vista mozzafiato sul lago.<\/p>\n<p class=\"p1\">Sempre sullo stesso piano, troverete una grande terrazza arredata, perfetta per pranzi o momenti conviviali all\u2019aperto e un bagno di servizio.<\/p>\n\t\t\t\t\t\t\t\t<\/div>\n\t\t\t\t<\/div>\n\t\t\t\t<\/div>\n\t\t\t\t\t<\/div>\n\t\t\t\t<\/div>\n\t\t<div class=\"elementor-element elementor-element-164235a e-flex e-con-boxed e-con e-parent\" data-id=\"164235a\" data-element_type=\"container\">\n\t\t\t\t\t<div class=\"e-con-inner\">\n\t\t<div class=\"elementor-element elementor-element-55a393d e-con-full elementor-hidden-mobile e-flex e-con e-child\" data-id=\"55a393d\" data-element_type=\"container\">\n\t\t\t\t<\/div>\n\t\t<div class=\"elementor-element elementor-element-b82f11f e-con-full e-flex e-con e-child\" data-id=\"b82f11f\" data-element_type=\"container\" data-settings=\"{&quot;background_background&quot;:&quot;gradient&quot;}\">\n\t\t\t\t<div class=\"elementor-element elementor-element-94458af elementor-widget elementor-widget-heading\" data-id=\"94458af\" data-element_type=\"widget\" data-widget_type=\"heading.default\">\n\t\t\t\t<div class=\"elementor-widget-container\">\n\t\t\t\t\t<h3 class=\"elementor-heading-title elementor-size-default\"><a href=\"https:\/\/www.colago.it\/anfrage\/\">RICHIESTA<\/a><\/h3>\t\t\t\t<\/div>\n\t\t\t\t<\/div>\n\t\t\t\t<\/div>\n\t\t<div data-dce-background-color=\"#282C31\" class=\"elementor-element elementor-element-ab68110 e-con-full e-flex e-con e-child\" data-id=\"ab68110\" data-element_type=\"container\" data-settings=\"{&quot;background_background&quot;:&quot;gradient&quot;}\">\n\t\t\t\t<div class=\"elementor-element elementor-element-2cacb42 elementor-widget elementor-widget-heading\" data-id=\"2cacb42\" data-element_type=\"widget\" data-widget_type=\"heading.default\">\n\t\t\t\t<div class=\"elementor-widget-container\">\n\t\t\t\t\t<h3 class=\"elementor-heading-title elementor-size-default\"><a href=\"https:\/\/www.simplebooking.it\/ibe2\/hotel\/10358?lang=IT&#038;cur=EUR\" target=\"_blank\">PRENOTA<\/a><\/h3>\t\t\t\t<\/div>\n\t\t\t\t<\/div>\n\t\t\t\t<\/div>\n\t\t\t\t\t<\/div>\n\t\t\t\t<\/div>\n\t\t<div data-dce-background-color=\"#E4E4E0\" data-dce-background-overlay-image-url=\"https:\/\/www.colago.it\/wp-content\/uploads\/2023\/06\/c-hintergrund.png\" class=\"elementor-element elementor-element-393291e animated-slow e-con-full e-flex e-con e-parent\" data-id=\"393291e\" data-element_type=\"container\" data-settings=\"{&quot;animation&quot;:&quot;none&quot;,&quot;background_background&quot;:&quot;classic&quot;}\">\n\t\t<div class=\"elementor-element elementor-element-19c445c e-con-full e-flex e-con e-child\" data-id=\"19c445c\" data-element_type=\"container\">\n\t\t\t\t<div class=\"elementor-element elementor-element-f8df5db animated-slow elementor-invisible elementor-widget elementor-widget-text-editor\" data-id=\"f8df5db\" data-element_type=\"widget\" data-settings=\"{&quot;_animation&quot;:&quot;fadeInUp&quot;,&quot;_animation_delay&quot;:&quot;200&quot;}\" data-widget_type=\"text-editor.default\">\n\t\t\t\t<div class=\"elementor-widget-container\">\n\t\t\t\t\t\t\t\t\t<p class=\"p1\">Le <strong>tre camere matrimoniali di design<\/strong>, ognuna con il proprio bagno, garantiscono un soggiorno all\u2019insegna del massimo comfort. La suite, inoltre, offre una lussuosa vasca free standing per il tuo totale relax.<\/p>\n<p>&nbsp;<\/p>\n<p class=\"p1\">All\u2019esterno, il <strong>giardino arredato<\/strong> con sdrai \u00e8 ideale per prendere il sole dopo un tuffo in piscina o per godersi un buon libro all\u2019aperto.<\/p>\n<p>&nbsp;<\/p>\n<p class=\"p1\">Per il tuo benessere, troverai una borsa spa con morbidi accappatoi, asciugamani piscina e ciabatte, per momenti di puro relax, sia a bordo piscina che nelle saune panoramiche del Parco Colago.<\/p>\n\t\t\t\t\t\t\t\t<\/div>\n\t\t\t\t<\/div>\n\t\t\t\t<\/div>\n\t\t<div class=\"elementor-element elementor-element-9a4e74f animated-slow e-con-full e-flex e-con e-child\" data-id=\"9a4e74f\" data-element_type=\"container\" data-settings=\"{&quot;background_background&quot;:&quot;classic&quot;,&quot;animation&quot;:&quot;none&quot;}\">\n\t\t\t\t<div class=\"elementor-element elementor-element-c996195 elementor-arrows-position-inside elementor-widget elementor-widget-image-carousel\" data-id=\"c996195\" data-element_type=\"widget\" data-settings=\"{&quot;slides_to_show&quot;:&quot;1&quot;,&quot;navigation&quot;:&quot;arrows&quot;,&quot;autoplay&quot;:&quot;yes&quot;,&quot;pause_on_hover&quot;:&quot;yes&quot;,&quot;pause_on_interaction&quot;:&quot;yes&quot;,&quot;autoplay_speed&quot;:5000,&quot;infinite&quot;:&quot;yes&quot;,&quot;effect&quot;:&quot;slide&quot;,&quot;speed&quot;:500}\" data-widget_type=\"image-carousel.default\">\n\t\t\t\t<div class=\"elementor-widget-container\">\n\t\t\t\t\t\t\t<div class=\"elementor-image-carousel-wrapper swiper\" role=\"region\" aria-roledescription=\"carousel\" aria-label=\"Carosello d&#039;immagini\" dir=\"ltr\">\n\t\t\t<div class=\"elementor-image-carousel swiper-wrapper swiper-image-stretch\" aria-live=\"off\">\n\t\t\t\t\t\t\t\t<div class=\"swiper-slide\" role=\"group\" aria-roledescription=\"slide\" aria-label=\"1 di 16\"><figure class=\"swiper-slide-inner\"><img decoding=\"async\" class=\"swiper-slide-image\" src=\"https:\/\/www.colago.it\/wp-content\/uploads\/2025\/04\/limonaia1.webp\" alt=\"limonaia1\" \/><\/figure><\/div><div class=\"swiper-slide\" role=\"group\" aria-roledescription=\"slide\" aria-label=\"2 di 16\"><figure class=\"swiper-slide-inner\"><img decoding=\"async\" class=\"swiper-slide-image\" src=\"https:\/\/www.colago.it\/wp-content\/uploads\/2025\/04\/limonaia7.webp\" alt=\"limonaia7\" \/><\/figure><\/div><div class=\"swiper-slide\" role=\"group\" aria-roledescription=\"slide\" aria-label=\"3 di 16\"><figure class=\"swiper-slide-inner\"><img decoding=\"async\" class=\"swiper-slide-image\" src=\"https:\/\/www.colago.it\/wp-content\/uploads\/2025\/04\/limonaia13.webp\" alt=\"limonaia13\" \/><\/figure><\/div><div class=\"swiper-slide\" role=\"group\" aria-roledescription=\"slide\" aria-label=\"4 di 16\"><figure class=\"swiper-slide-inner\"><img decoding=\"async\" class=\"swiper-slide-image\" src=\"https:\/\/www.colago.it\/wp-content\/uploads\/2025\/04\/limonaia10.webp\" alt=\"limonaia10\" \/><\/figure><\/div><div class=\"swiper-slide\" role=\"group\" aria-roledescription=\"slide\" aria-label=\"5 di 16\"><figure class=\"swiper-slide-inner\"><img decoding=\"async\" class=\"swiper-slide-image\" src=\"https:\/\/www.colago.it\/wp-content\/uploads\/2025\/04\/limonaia3.webp\" alt=\"limonaia3\" \/><\/figure><\/div><div class=\"swiper-slide\" role=\"group\" aria-roledescription=\"slide\" aria-label=\"6 di 16\"><figure class=\"swiper-slide-inner\"><img decoding=\"async\" class=\"swiper-slide-image\" src=\"https:\/\/www.colago.it\/wp-content\/uploads\/2025\/04\/limonaia9.webp\" alt=\"limonaia9\" \/><\/figure><\/div><div class=\"swiper-slide\" role=\"group\" aria-roledescription=\"slide\" aria-label=\"7 di 16\"><figure class=\"swiper-slide-inner\"><img decoding=\"async\" class=\"swiper-slide-image\" src=\"https:\/\/www.colago.it\/wp-content\/uploads\/2025\/04\/limonaia16.webp\" alt=\"limonaia16\" \/><\/figure><\/div><div class=\"swiper-slide\" role=\"group\" aria-roledescription=\"slide\" aria-label=\"8 di 16\"><figure class=\"swiper-slide-inner\"><img decoding=\"async\" class=\"swiper-slide-image\" src=\"https:\/\/www.colago.it\/wp-content\/uploads\/2025\/04\/limonaia8.webp\" alt=\"limonaia8\" \/><\/figure><\/div><div class=\"swiper-slide\" role=\"group\" aria-roledescription=\"slide\" aria-label=\"9 di 16\"><figure class=\"swiper-slide-inner\"><img decoding=\"async\" class=\"swiper-slide-image\" src=\"https:\/\/www.colago.it\/wp-content\/uploads\/2025\/04\/limonaia6.webp\" alt=\"limonaia6\" \/><\/figure><\/div><div class=\"swiper-slide\" role=\"group\" aria-roledescription=\"slide\" aria-label=\"10 di 16\"><figure class=\"swiper-slide-inner\"><img decoding=\"async\" class=\"swiper-slide-image\" src=\"https:\/\/www.colago.it\/wp-content\/uploads\/2025\/04\/limonaia12.webp\" alt=\"limonaia12\" \/><\/figure><\/div><div class=\"swiper-slide\" role=\"group\" aria-roledescription=\"slide\" aria-label=\"11 di 16\"><figure class=\"swiper-slide-inner\"><img decoding=\"async\" class=\"swiper-slide-image\" src=\"https:\/\/www.colago.it\/wp-content\/uploads\/2025\/04\/limonaia11.webp\" alt=\"limonaia11\" \/><\/figure><\/div><div class=\"swiper-slide\" role=\"group\" aria-roledescription=\"slide\" aria-label=\"12 di 16\"><figure class=\"swiper-slide-inner\"><img decoding=\"async\" class=\"swiper-slide-image\" src=\"https:\/\/www.colago.it\/wp-content\/uploads\/2025\/04\/limonaia5.webp\" alt=\"limonaia5\" \/><\/figure><\/div><div class=\"swiper-slide\" role=\"group\" aria-roledescription=\"slide\" aria-label=\"13 di 16\"><figure class=\"swiper-slide-inner\"><img decoding=\"async\" class=\"swiper-slide-image\" src=\"https:\/\/www.colago.it\/wp-content\/uploads\/2025\/04\/limonaia15.webp\" alt=\"limonaia15\" \/><\/figure><\/div><div class=\"swiper-slide\" role=\"group\" aria-roledescription=\"slide\" aria-label=\"14 di 16\"><figure class=\"swiper-slide-inner\"><img decoding=\"async\" class=\"swiper-slide-image\" src=\"https:\/\/www.colago.it\/wp-content\/uploads\/2025\/04\/limonaia14.webp\" alt=\"limonaia14\" \/><\/figure><\/div><div class=\"swiper-slide\" role=\"group\" aria-roledescription=\"slide\" aria-label=\"15 di 16\"><figure class=\"swiper-slide-inner\"><img decoding=\"async\" class=\"swiper-slide-image\" src=\"https:\/\/www.colago.it\/wp-content\/uploads\/2025\/04\/limonaia4.webp\" alt=\"limonaia4\" \/><\/figure><\/div><div class=\"swiper-slide\" role=\"group\" aria-roledescription=\"slide\" aria-label=\"16 di 16\"><figure class=\"swiper-slide-inner\"><img decoding=\"async\" class=\"swiper-slide-image\" src=\"https:\/\/www.colago.it\/wp-content\/uploads\/2025\/04\/limonaia2.webp\" alt=\"limonaia2\" \/><\/figure><\/div>\t\t\t<\/div>\n\t\t\t\t\t\t\t\t\t\t\t\t<div class=\"elementor-swiper-button elementor-swiper-button-prev\" role=\"button\" tabindex=\"0\">\n\t\t\t\t\t\t<i aria-hidden=\"true\" class=\"eicon-chevron-left\"><\/i>\t\t\t\t\t<\/div>\n\t\t\t\t\t<div class=\"elementor-swiper-button elementor-swiper-button-next\" role=\"button\" tabindex=\"0\">\n\t\t\t\t\t\t<i aria-hidden=\"true\" class=\"eicon-chevron-right\"><\/i>\t\t\t\t\t<\/div>\n\t\t\t\t\n\t\t\t\t\t\t\t\t\t<\/div>\n\t\t\t\t\t\t<\/div>\n\t\t\t\t<\/div>\n\t\t\t\t<\/div>\n\t\t\t\t<\/div>\n\t\t<div data-dce-background-color=\"#FFFFFF00\" class=\"elementor-element elementor-element-870105a animated-slow e-con-full e-flex e-con e-parent\" data-id=\"870105a\" data-element_type=\"container\" data-settings=\"{&quot;animation&quot;:&quot;none&quot;,&quot;background_background&quot;:&quot;gradient&quot;}\">\n\t\t<div class=\"elementor-element elementor-element-36013ef animated-slow e-con-full e-flex e-con e-child\" data-id=\"36013ef\" data-element_type=\"container\" data-settings=\"{&quot;background_background&quot;:&quot;classic&quot;,&quot;animation&quot;:&quot;none&quot;}\">\n\t\t\t\t<div class=\"elementor-element elementor-element-48aeb5f elementor-view-default elementor-widget elementor-widget-icon\" data-id=\"48aeb5f\" data-element_type=\"widget\" data-widget_type=\"icon.default\">\n\t\t\t\t<div class=\"elementor-widget-container\">\n\t\t\t\t\t\t\t<div class=\"elementor-icon-wrapper\">\n\t\t\t<div class=\"elementor-icon\">\n\t\t\t<i aria-hidden=\"true\" class=\"fas fa-square-full\"><\/i>\t\t\t<\/div>\n\t\t<\/div>\n\t\t\t\t\t\t<\/div>\n\t\t\t\t<\/div>\n\t\t\t\t<div class=\"elementor-element elementor-element-4f5954a dce_masking-none elementor-widget elementor-widget-image\" data-id=\"4f5954a\" data-element_type=\"widget\" data-widget_type=\"image.default\">\n\t\t\t\t<div class=\"elementor-widget-container\">\n\t\t\t\t\t\t\t\t\t\t\t\t\t\t\t<img fetchpriority=\"high\" decoding=\"async\" width=\"2000\" height=\"1333\" src=\"https:\/\/www.colago.it\/wp-content\/uploads\/2025\/04\/limonaia3.webp\" class=\"attachment-full size-full wp-image-13364\" alt=\"\" srcset=\"https:\/\/www.colago.it\/wp-content\/uploads\/2025\/04\/limonaia3.webp 2000w, https:\/\/www.colago.it\/wp-content\/uploads\/2025\/04\/limonaia3-300x200.webp 300w, https:\/\/www.colago.it\/wp-content\/uploads\/2025\/04\/limonaia3-1024x682.webp 1024w, https:\/\/www.colago.it\/wp-content\/uploads\/2025\/04\/limonaia3-768x512.webp 768w, https:\/\/www.colago.it\/wp-content\/uploads\/2025\/04\/limonaia3-1536x1024.webp 1536w\" sizes=\"(max-width: 2000px) 100vw, 2000px\" \/>\t\t\t\t\t\t\t\t\t\t\t\t\t\t\t<\/div>\n\t\t\t\t<\/div>\n\t\t\t\t<div class=\"elementor-element elementor-element-ec053be dce_masking-none elementor-widget elementor-widget-image\" data-id=\"ec053be\" data-element_type=\"widget\" data-widget_type=\"image.default\">\n\t\t\t\t<div class=\"elementor-widget-container\">\n\t\t\t\t\t\t\t\t\t\t\t\t\t\t\t<img decoding=\"async\" width=\"2000\" height=\"1333\" src=\"https:\/\/www.colago.it\/wp-content\/uploads\/2025\/04\/limonaia8.webp\" class=\"attachment-full size-full wp-image-13379\" alt=\"\" srcset=\"https:\/\/www.colago.it\/wp-content\/uploads\/2025\/04\/limonaia8.webp 2000w, https:\/\/www.colago.it\/wp-content\/uploads\/2025\/04\/limonaia8-300x200.webp 300w, https:\/\/www.colago.it\/wp-content\/uploads\/2025\/04\/limonaia8-1024x682.webp 1024w, https:\/\/www.colago.it\/wp-content\/uploads\/2025\/04\/limonaia8-768x512.webp 768w, https:\/\/www.colago.it\/wp-content\/uploads\/2025\/04\/limonaia8-1536x1024.webp 1536w\" sizes=\"(max-width: 2000px) 100vw, 2000px\" \/>\t\t\t\t\t\t\t\t\t\t\t\t\t\t\t<\/div>\n\t\t\t\t<\/div>\n\t\t\t\t<div class=\"elementor-element elementor-element-0dd5e35 elementor-view-default elementor-widget elementor-widget-icon\" data-id=\"0dd5e35\" data-element_type=\"widget\" data-widget_type=\"icon.default\">\n\t\t\t\t<div class=\"elementor-widget-container\">\n\t\t\t\t\t\t\t<div class=\"elementor-icon-wrapper\">\n\t\t\t<div class=\"elementor-icon\">\n\t\t\t<i aria-hidden=\"true\" class=\"fas fa-square-full\"><\/i>\t\t\t<\/div>\n\t\t<\/div>\n\t\t\t\t\t\t<\/div>\n\t\t\t\t<\/div>\n\t\t\t\t<\/div>\n\t\t<div class=\"elementor-element elementor-element-83512be e-con-full e-flex e-con e-child\" data-id=\"83512be\" data-element_type=\"container\">\n\t\t\t\t<div class=\"elementor-element elementor-element-6cfee32 animated-slow elementor-invisible elementor-widget elementor-widget-text-editor\" data-id=\"6cfee32\" data-element_type=\"widget\" data-settings=\"{&quot;_animation&quot;:&quot;fadeInUp&quot;,&quot;_animation_delay&quot;:&quot;200&quot;}\" data-widget_type=\"text-editor.default\">\n\t\t\t\t<div class=\"elementor-widget-container\">\n\t\t\t\t\t\t\t\t\t<p class=\"p1\">Inclusa nella tariffa, ogni mattina al COLAGO ti accoglie il profumo del pane appena sfornato e delle specialit\u00e0 locali: inizia la giornata con <strong>una colazione preparata con cura e servita nella nostra sala colazione<\/strong>, in un\u2019atmosfera rilassata e genuina.<\/p><p class=\"p1\">Inoltre, un <strong>esclusivo servizio di concierging<\/strong> \u00e8 a disposizione per organizzare esperienze sportive e avventurose, ideali anche per bambini, alla scoperta delle meraviglie del Lago di Garda e dei suoi dintorni.<\/p><p class=\"p1\">La villa pu\u00f2 ospitare fino a 6 persone (di et\u00e0 pari o superiore a 4 anni) nei letti standard, pi\u00f9 2 bambini nei letti aggiuntivi. I bambini sotto i 3 anni soggiornano gratuitamente.<\/p><p class=\"p1\">Ogni ospite aggiuntivo oltre le 6 persone standard (sia adulti che bambini sopra i 3 anni) comporta un supplemento di 70 \u20ac a persona al giorno, gi\u00e0 calcolato durante la prenotazione.<\/p><p class=\"p1\">Vi aspettiamo per un viaggio tra lusso, privacy e bellezza senza pari.<\/p>\t\t\t\t\t\t\t\t<\/div>\n\t\t\t\t<\/div>\n\t\t<div class=\"elementor-element elementor-element-923d521 e-con-full e-flex e-con e-child\" data-id=\"923d521\" data-element_type=\"container\">\n\t\t<div class=\"elementor-element elementor-element-9b09084 e-con-full e-flex e-con e-child\" data-id=\"9b09084\" data-element_type=\"container\">\n\t\t<div class=\"elementor-element elementor-element-56e936b e-con-full e-flex e-con e-child\" data-id=\"56e936b\" data-element_type=\"container\" data-settings=\"{&quot;background_background&quot;:&quot;gradient&quot;}\">\n\t\t\t\t<div class=\"elementor-element elementor-element-10774db elementor-widget elementor-widget-heading\" data-id=\"10774db\" data-element_type=\"widget\" data-widget_type=\"heading.default\">\n\t\t\t\t<div class=\"elementor-widget-container\">\n\t\t\t\t\t<h3 class=\"elementor-heading-title elementor-size-default\"><a href=\"https:\/\/www.colago.it\/anfrage\/\">RICHIESTA<\/a><\/h3>\t\t\t\t<\/div>\n\t\t\t\t<\/div>\n\t\t\t\t<\/div>\n\t\t<div data-dce-background-color=\"#282C31\" class=\"elementor-element elementor-element-b16f9fe e-con-full e-flex e-con e-child\" data-id=\"b16f9fe\" data-element_type=\"container\" data-settings=\"{&quot;background_background&quot;:&quot;gradient&quot;}\">\n\t\t\t\t<div class=\"elementor-element elementor-element-bc3f1e3 elementor-widget elementor-widget-heading\" data-id=\"bc3f1e3\" data-element_type=\"widget\" data-widget_type=\"heading.default\">\n\t\t\t\t<div class=\"elementor-widget-container\">\n\t\t\t\t\t<h3 class=\"elementor-heading-title elementor-size-default\"><a href=\"https:\/\/www.simplebooking.it\/ibe2\/hotel\/10358?lang=IT&#038;cur=EUR\" target=\"_blank\">PRENOTA<\/a><\/h3>\t\t\t\t<\/div>\n\t\t\t\t<\/div>\n\t\t\t\t<\/div>\n\t\t\t\t<\/div>\n\t\t\t\t<\/div>\n\t\t\t\t<\/div>\n\t\t\t\t<\/div>\n\t\t<div class=\"elementor-element elementor-element-4cebf10 e-con-full animated-slow e-flex elementor-invisible e-con e-parent\" data-id=\"4cebf10\" data-element_type=\"container\" data-settings=\"{&quot;animation&quot;:&quot;fadeIn&quot;}\">\n\t\t<div class=\"elementor-element elementor-element-c6c785a e-con-full e-flex e-con e-child\" data-id=\"c6c785a\" data-element_type=\"container\">\n\t\t\t\t<div class=\"elementor-element elementor-element-ef4df0c dce_masking-none elementor-widget elementor-widget-image\" data-id=\"ef4df0c\" data-element_type=\"widget\" data-settings=\"{&quot;motion_fx_motion_fx_scrolling&quot;:&quot;yes&quot;,&quot;motion_fx_opacity_effect&quot;:&quot;yes&quot;,&quot;motion_fx_opacity_direction&quot;:&quot;in-out&quot;,&quot;motion_fx_opacity_level&quot;:{&quot;unit&quot;:&quot;px&quot;,&quot;size&quot;:&quot;9&quot;,&quot;sizes&quot;:[]},&quot;motion_fx_opacity_range&quot;:{&quot;unit&quot;:&quot;%&quot;,&quot;size&quot;:&quot;&quot;,&quot;sizes&quot;:{&quot;start&quot;:&quot;50&quot;,&quot;end&quot;:&quot;89&quot;}},&quot;motion_fx_devices&quot;:[&quot;desktop&quot;,&quot;tablet&quot;,&quot;mobile&quot;]}\" data-widget_type=\"image.default\">\n\t\t\t\t<div class=\"elementor-widget-container\">\n\t\t\t\t\t\t\t\t\t\t\t\t\t\t\t<img decoding=\"async\" width=\"2000\" height=\"1333\" src=\"https:\/\/www.colago.it\/wp-content\/uploads\/2025\/04\/limonaia10.webp\" class=\"attachment-full size-full wp-image-13385\" alt=\"\" srcset=\"https:\/\/www.colago.it\/wp-content\/uploads\/2025\/04\/limonaia10.webp 2000w, https:\/\/www.colago.it\/wp-content\/uploads\/2025\/04\/limonaia10-300x200.webp 300w, https:\/\/www.colago.it\/wp-content\/uploads\/2025\/04\/limonaia10-1024x682.webp 1024w, https:\/\/www.colago.it\/wp-content\/uploads\/2025\/04\/limonaia10-768x512.webp 768w, https:\/\/www.colago.it\/wp-content\/uploads\/2025\/04\/limonaia10-1536x1024.webp 1536w\" sizes=\"(max-width: 2000px) 100vw, 2000px\" \/>\t\t\t\t\t\t\t\t\t\t\t\t\t\t\t<\/div>\n\t\t\t\t<\/div>\n\t\t\t\t<\/div>\n\t\t\t\t<\/div>\n\t\t\t\t<\/div>\n\t\t","protected":false},"excerpt":{"rendered":"<p>LA LIMONAIA Villa Limonaia \u00e8 una villa privata indipendente di 160 mq, immersa in un giardino recintato di 1500 mq, perfetta per chi cerca uno spazio all\u2019aperto esclusivo, ideale anche per chi viaggia con un cane. Goditi una vista spettacolare sul lago da ogni angolo della casa e rilassati nella tua piscina riscaldata o nella [&hellip;]<\/p>\n","protected":false},"author":1,"featured_media":0,"parent":0,"menu_order":0,"comment_status":"closed","ping_status":"closed","template":"","meta":{"footnotes":""},"class_list":["post-13407","page","type-page","status-publish","hentry"],"_links":{"self":[{"href":"https:\/\/www.colago.it\/it\/wp-json\/wp\/v2\/pages\/13407","targetHints":{"allow":["GET"]}}],"collection":[{"href":"https:\/\/www.colago.it\/it\/wp-json\/wp\/v2\/pages"}],"about":[{"href":"https:\/\/www.colago.it\/it\/wp-json\/wp\/v2\/types\/page"}],"author":[{"embeddable":true,"href":"https:\/\/www.colago.it\/it\/wp-json\/wp\/v2\/users\/1"}],"replies":[{"embeddable":true,"href":"https:\/\/www.colago.it\/it\/wp-json\/wp\/v2\/comments?post=13407"}],"version-history":[{"count":0,"href":"https:\/\/www.colago.it\/it\/wp-json\/wp\/v2\/pages\/13407\/revisions"}],"wp:attachment":[{"href":"https:\/\/www.colago.it\/it\/wp-json\/wp\/v2\/media?parent=13407"}],"curies":[{"name":"wp","href":"https:\/\/api.w.org\/{rel}","templated":true}]}}