{"id":12665,"date":"2025-03-07T11:18:57","date_gmt":"2025-03-07T10:18:57","guid":{"rendered":"https:\/\/www.colago.it\/terms-conditions\/"},"modified":"2025-07-28T14:40:31","modified_gmt":"2025-07-28T12:40:31","slug":"terms-conditions","status":"publish","type":"page","link":"https:\/\/www.colago.it\/en\/terms-conditions\/","title":{"rendered":"Terms &#038; Conditions"},"content":{"rendered":"\t\t<div data-elementor-type=\"wp-page\" data-elementor-id=\"12665\" class=\"elementor elementor-12665 elementor-12644\" data-elementor-post-type=\"page\">\n\t\t\t\t<div class=\"elementor-element elementor-element-3a07c8e e-con-full e-flex e-con e-parent\" data-id=\"3a07c8e\" data-element_type=\"container\">\n\t\t<div data-dce-background-overlay-color=\"#FFFFFF00\" data-dce-background-image-url=\"https:\/\/www.colago.it\/wp-content\/uploads\/2025\/03\/colago-reception.jpg\" class=\"elementor-element elementor-element-7005afc animated-slow e-con-full e-flex e-con e-child\" data-id=\"7005afc\" data-element_type=\"container\" data-settings=\"{&quot;background_background&quot;:&quot;classic&quot;,&quot;animation&quot;:&quot;none&quot;}\">\n\t\t\t\t<div class=\"elementor-element elementor-element-83ec1d9 elementor-widget elementor-widget-spacer\" data-id=\"83ec1d9\" data-element_type=\"widget\" data-widget_type=\"spacer.default\">\n\t\t\t\t<div class=\"elementor-widget-container\">\n\t\t\t\t\t\t\t<div class=\"elementor-spacer\">\n\t\t\t<div class=\"elementor-spacer-inner\"><\/div>\n\t\t<\/div>\n\t\t\t\t\t\t<\/div>\n\t\t\t\t<\/div>\n\t\t\t\t<\/div>\n\t\t<div data-dce-background-image-url=\"https:\/\/www.colago.it\/wp-content\/uploads\/2023\/06\/pattern-header-Logo2.jpg\" class=\"elementor-element elementor-element-edf8be3 elementor-hidden-mobile e-con-full e-flex e-con e-child\" data-id=\"edf8be3\" data-element_type=\"container\" data-settings=\"{&quot;background_background&quot;:&quot;classic&quot;}\">\n\t\t\t\t<div class=\"elementor-element elementor-element-16dc0ef elementor-widget elementor-widget-spacer\" data-id=\"16dc0ef\" data-element_type=\"widget\" data-widget_type=\"spacer.default\">\n\t\t\t\t<div class=\"elementor-widget-container\">\n\t\t\t\t\t\t\t<div class=\"elementor-spacer\">\n\t\t\t<div class=\"elementor-spacer-inner\"><\/div>\n\t\t<\/div>\n\t\t\t\t\t\t<\/div>\n\t\t\t\t<\/div>\n\t\t\t\t<\/div>\n\t\t\t\t<\/div>\n\t\t<div data-dce-background-image-url=\"https:\/\/www.colago.it\/wp-content\/uploads\/2023\/06\/pattern-background.png\" class=\"elementor-element elementor-element-1dac35c animated-slow e-flex e-con-boxed e-con e-parent\" data-id=\"1dac35c\" data-element_type=\"container\" data-settings=\"{&quot;animation&quot;:&quot;none&quot;,&quot;background_background&quot;:&quot;classic&quot;}\">\n\t\t\t\t\t<div class=\"e-con-inner\">\n\t\t<div class=\"elementor-element elementor-element-14de3a3 e-con-full e-flex e-con e-child\" data-id=\"14de3a3\" data-element_type=\"container\">\n\t\t\t\t<div class=\"elementor-element elementor-element-d7afa3b animated-slow elementor-invisible elementor-widget elementor-widget-heading\" data-id=\"d7afa3b\" data-element_type=\"widget\" data-settings=\"{&quot;_animation&quot;:&quot;fadeInUp&quot;}\" data-widget_type=\"heading.default\">\n\t\t\t\t<div class=\"elementor-widget-container\">\n\t\t\t\t\t<h1 class=\"elementor-heading-title elementor-size-default\">Your stay at COLAGO - useful information<\/h1>\t\t\t\t<\/div>\n\t\t\t\t<\/div>\n\t\t\t\t<div class=\"elementor-element elementor-element-26f2e3c animated-slow elementor-invisible elementor-widget elementor-widget-heading\" data-id=\"26f2e3c\" data-element_type=\"widget\" data-settings=\"{&quot;_animation&quot;:&quot;fadeInUp&quot;,&quot;_animation_delay&quot;:&quot;200&quot;}\" data-widget_type=\"heading.default\">\n\t\t\t\t<div class=\"elementor-widget-container\">\n\t\t\t\t\t<h3 class=\"elementor-heading-title elementor-size-default\">A comprehensive guide from check-in to travel insurance <\/h3>\t\t\t\t<\/div>\n\t\t\t\t<\/div>\n\t\t\t\t<div class=\"elementor-element elementor-element-0d0c63f elementor-widget elementor-widget-text-editor\" data-id=\"0d0c63f\" data-element_type=\"widget\" data-widget_type=\"text-editor.default\">\n\t\t\t\t<div class=\"elementor-widget-container\">\n\t\t\t\t\t\t\t\t\t<p>Here you\u2019ll find everything important for your stay at COLAGO on Lake Garda.<\/p>\n\t\t\t\t\t\t\t\t<\/div>\n\t\t\t\t<\/div>\n\t\t\t\t<\/div>\n\t\t\t\t\t<\/div>\n\t\t\t\t<\/div>\n\t\t<div class=\"elementor-element elementor-element-70e92ab e-flex e-con-boxed e-con e-parent\" data-id=\"70e92ab\" data-element_type=\"container\">\n\t\t\t\t\t<div class=\"e-con-inner\">\n\t\t<div class=\"elementor-element elementor-element-2f555ea e-con-full e-flex e-con e-child\" data-id=\"2f555ea\" data-element_type=\"container\">\n\t\t<!-- dce invisible element be3597c --><div class=\"elementor-element elementor-element-4e4f9cf e-con-full e-flex e-con e-child\" data-id=\"4e4f9cf\" data-element_type=\"container\">\n\t\t<div class=\"dce-visibility-event elementor-element elementor-element-bf004ce e-con-full e-flex e-con e-child\" data-id=\"bf004ce\" data-element_type=\"container\" data-settings=\"{&quot;background_background&quot;:&quot;classic&quot;,&quot;enabled_visibility&quot;:&quot;yes&quot;,&quot;dce_visibility_selected&quot;:&quot;hide&quot;}\">\n\t\t\t\t<div class=\"elementor-element elementor-element-0008d9e elementor-widget elementor-widget-heading\" data-id=\"0008d9e\" data-element_type=\"widget\" data-widget_type=\"heading.default\">\n\t\t\t\t<div class=\"elementor-widget-container\">\n\t\t\t\t\t<h5 class=\"elementor-heading-title elementor-size-default\">Tourist Tax<\/h5>\t\t\t\t<\/div>\n\t\t\t\t<\/div>\n\t\t\t\t<div class=\"elementor-element elementor-element-630595b elementor-widget elementor-widget-text-editor\" data-id=\"630595b\" data-element_type=\"widget\" data-widget_type=\"text-editor.default\">\n\t\t\t\t<div class=\"elementor-widget-container\">\n\t\t\t\t\t\t\t\t\t<p>The tourist tax (sometimes also referred to as visitor\u2019s tax or local accommodation tax) is a fee charged in order to safeguard Lago di Garda\u2019s timeless beauty and support the maintenance and expansion of infrastructure and services. In Italy, accommodation providers are legally mandated to collect this tax. The tourist tax currently amounts to \u20ac2.20 per guest and night. Minors under the age of 14 are exempt from this tax. You are welcome to settle the tourist tax upon check-out.<\/p>\n\t\t\t\t\t\t\t\t<\/div>\n\t\t\t\t<\/div>\n\t\t\t\t<\/div>\n\t\t<div class=\"dce-visibility-event elementor-element elementor-element-6212100 e-con-full e-flex e-con e-child\" data-id=\"6212100\" data-element_type=\"container\" data-settings=\"{&quot;background_background&quot;:&quot;classic&quot;,&quot;enabled_visibility&quot;:&quot;yes&quot;,&quot;dce_visibility_selected&quot;:&quot;hide&quot;}\">\n\t\t\t\t<div class=\"elementor-element elementor-element-c000ff8 elementor-widget elementor-widget-heading\" data-id=\"c000ff8\" data-element_type=\"widget\" data-widget_type=\"heading.default\">\n\t\t\t\t<div class=\"elementor-widget-container\">\n\t\t\t\t\t<h5 class=\"elementor-heading-title elementor-size-default\">CHeck-in &amp; Check-Out<\/h5>\t\t\t\t<\/div>\n\t\t\t\t<\/div>\n\t\t\t\t<div class=\"elementor-element elementor-element-99b2987 elementor-widget elementor-widget-text-editor\" data-id=\"99b2987\" data-element_type=\"widget\" data-widget_type=\"text-editor.default\">\n\t\t\t\t<div class=\"elementor-widget-container\">\n\t\t\t\t\t\t\t\t\t<p>CCheck-in is on the day of arrival from 16:00 to 19:00. If you arrive after 19:00, please let us know at least 2 days in advance. For the Villas Gelsomino, Fiordaliso, Orchidea, Agatea and Oleandro, a late check-in fee of 75 euro will be applied. For Villas Olivaia, Limonaia and Cedraia, a late check-in fee of 150 euro will be applied. On the day of departure we kindly ask you to leave your private villa by 10.00 am.<\/p>\t\t\t\t\t\t\t\t<\/div>\n\t\t\t\t<\/div>\n\t\t\t\t<\/div>\n\t\t<div class=\"dce-visibility-event elementor-element elementor-element-2d8706e e-con-full e-flex e-con e-child\" data-id=\"2d8706e\" data-element_type=\"container\" data-settings=\"{&quot;background_background&quot;:&quot;classic&quot;,&quot;enabled_visibility&quot;:&quot;yes&quot;,&quot;dce_visibility_selected&quot;:&quot;hide&quot;}\">\n\t\t\t\t<div class=\"elementor-element elementor-element-deececd elementor-widget elementor-widget-heading\" data-id=\"deececd\" data-element_type=\"widget\" data-widget_type=\"heading.default\">\n\t\t\t\t<div class=\"elementor-widget-container\">\n\t\t\t\t\t<h5 class=\"elementor-heading-title elementor-size-default\">Holiday with dog<\/h5>\t\t\t\t<\/div>\n\t\t\t\t<\/div>\n\t\t\t\t<div class=\"elementor-element elementor-element-c80b447 elementor-widget elementor-widget-text-editor\" data-id=\"c80b447\" data-element_type=\"widget\" data-widget_type=\"text-editor.default\">\n\t\t\t\t<div class=\"elementor-widget-container\">\n\t\t\t\t\t\t\t\t\t<p>Your dog is very welcome at COLAGO. Please let us know when making your reservation if your four-legged friend will be accompanying you.<\/p>\n<p>We charge 15 \u20ac per day for your dog.<\/p>\n\t\t\t\t\t\t\t\t<\/div>\n\t\t\t\t<\/div>\n\t\t\t\t<\/div>\n\t\t\t\t<\/div>\n\t\t<div class=\"elementor-element elementor-element-3df84c5 e-con-full e-flex e-con e-child\" data-id=\"3df84c5\" data-element_type=\"container\">\n\t\t<div class=\"dce-visibility-event elementor-element elementor-element-a25776a e-con-full e-flex e-con e-child\" data-id=\"a25776a\" data-element_type=\"container\" data-settings=\"{&quot;background_background&quot;:&quot;classic&quot;,&quot;enabled_visibility&quot;:&quot;yes&quot;,&quot;dce_visibility_selected&quot;:&quot;hide&quot;}\">\n\t\t\t\t<div class=\"elementor-element elementor-element-5b91b18 elementor-widget elementor-widget-heading\" data-id=\"5b91b18\" data-element_type=\"widget\" data-widget_type=\"heading.default\">\n\t\t\t\t<div class=\"elementor-widget-container\">\n\t\t\t\t\t<h5 class=\"elementor-heading-title elementor-size-default\">No smoking<\/h5>\t\t\t\t<\/div>\n\t\t\t\t<\/div>\n\t\t\t\t<div class=\"elementor-element elementor-element-222df9b elementor-widget elementor-widget-text-editor\" data-id=\"222df9b\" data-element_type=\"widget\" data-widget_type=\"text-editor.default\">\n\t\t\t\t<div class=\"elementor-widget-container\">\n\t\t\t\t\t\t\t\t\t<p>Smoking is prohibited in all our villas and apartments. We kindly request your cooperation in adhering to our no-smoking policy. Those who wish to smoke are welcome to do so in the open on their private patios or in the garden.<\/p>\n\t\t\t\t\t\t\t\t<\/div>\n\t\t\t\t<\/div>\n\t\t\t\t<\/div>\n\t\t<div class=\"dce-visibility-event elementor-element elementor-element-c0b3377 e-con-full e-flex e-con e-child\" data-id=\"c0b3377\" data-element_type=\"container\" data-settings=\"{&quot;background_background&quot;:&quot;classic&quot;,&quot;enabled_visibility&quot;:&quot;yes&quot;,&quot;dce_visibility_selected&quot;:&quot;hide&quot;}\">\n\t\t\t\t<div class=\"elementor-element elementor-element-e0afb60 elementor-widget elementor-widget-heading\" data-id=\"e0afb60\" data-element_type=\"widget\" data-widget_type=\"heading.default\">\n\t\t\t\t<div class=\"elementor-widget-container\">\n\t\t\t\t\t<h5 class=\"elementor-heading-title elementor-size-default\">CANCELLATION POLICY<\/h5>\t\t\t\t<\/div>\n\t\t\t\t<\/div>\n\t\t\t\t<div class=\"elementor-element elementor-element-f140bda elementor-widget elementor-widget-text-editor\" data-id=\"f140bda\" data-element_type=\"widget\" data-widget_type=\"text-editor.default\">\n\t\t\t\t<div class=\"elementor-widget-container\">\n\t\t\t\t\t\t\t\t\t<p>To confirm your booking we ask for a deposit of 30% of the total amount.<\/p>\n<p><strong>For villa Gelsomino, Fiordaliso, Orchidea, Agatea and Oleandro <\/strong>reservations can be cancelled free of charge up to 30 days before arrival.<\/p>\n<p>Should the cancellation occur between 30 and 15 days prior to arrival we reserve the right to retain 30% of the deposit.<\/p>\n<p>Should the cancellation occur less than 15 days prior to arrival we reserve the right to retain 100% of the booking amount.<\/p>\n<p><strong>For villa Olivaia, Limonaia and Cedraia <\/strong>reservations can be cancelled free of charge up to 45 days before arrival.<\/p>\n<p>Should the cancellation occur between 45 and 30 days prior to arrival we reserve the right to retain 30% of the deposit.<\/p>\n<p>Should the cancellation occur less than 30 days prior to arrival we reserve the right to retain 100% of the booking amount.<\/p>\n\t\t\t\t\t\t\t\t<\/div>\n\t\t\t\t<\/div>\n\t\t\t\t<\/div>\n\t\t<div class=\"dce-visibility-event elementor-element elementor-element-72046ac e-con-full e-flex e-con e-child\" data-id=\"72046ac\" data-element_type=\"container\" data-settings=\"{&quot;background_background&quot;:&quot;classic&quot;,&quot;enabled_visibility&quot;:&quot;yes&quot;,&quot;dce_visibility_selected&quot;:&quot;hide&quot;}\">\n\t\t\t\t<div class=\"elementor-element elementor-element-9249682 elementor-widget elementor-widget-heading\" data-id=\"9249682\" data-element_type=\"widget\" data-widget_type=\"heading.default\">\n\t\t\t\t<div class=\"elementor-widget-container\">\n\t\t\t\t\t<h5 class=\"elementor-heading-title elementor-size-default\">Travel insurance<\/h5>\t\t\t\t<\/div>\n\t\t\t\t<\/div>\n\t\t\t\t<div class=\"elementor-element elementor-element-44ee314 elementor-widget elementor-widget-text-editor\" data-id=\"44ee314\" data-element_type=\"widget\" data-widget_type=\"text-editor.default\">\n\t\t\t\t<div class=\"elementor-widget-container\">\n\t\t\t\t\t\t\t\t\tFor added peace of mind, we suggest you take out travel insurance. You can secure travel insurance from <span style=\"text-decoration: underline;\"><a href=\"https:\/\/www.europaeische.at\/en\/\" target=\"_blank\" rel=\"noopener\">Europ\u00e4ischen Reiseversicherung<\/a><\/span> when booking with us.\t\t\t\t\t\t\t\t<\/div>\n\t\t\t\t<\/div>\n\t\t\t\t<\/div>\n\t\t\t\t<\/div>\n\t\t\t\t<\/div>\n\t\t\t\t\t<\/div>\n\t\t\t\t<\/div>\n\t\t<div data-dce-background-image-url=\"https:\/\/www.colago.it\/wp-content\/uploads\/2023\/06\/pattern-background.png\" class=\"elementor-element elementor-element-42bf032 animated-slow e-flex e-con-boxed e-con e-parent\" data-id=\"42bf032\" data-element_type=\"container\" data-settings=\"{&quot;animation&quot;:&quot;none&quot;,&quot;background_background&quot;:&quot;classic&quot;}\">\n\t\t\t\t\t<div class=\"e-con-inner\">\n\t\t<div class=\"elementor-element elementor-element-e7f475c e-con-full e-flex e-con e-child\" data-id=\"e7f475c\" data-element_type=\"container\">\n\t\t\t\t<div class=\"elementor-element elementor-element-edae829 animated-slow elementor-invisible elementor-widget elementor-widget-text-editor\" data-id=\"edae829\" data-element_type=\"widget\" data-settings=\"{&quot;_animation&quot;:&quot;fadeInUp&quot;}\" data-widget_type=\"text-editor.default\">\n\t\t\t\t<div class=\"elementor-widget-container\">\n\t\t\t\t\t\t\t\t\t<p>Look forward to everything that awaits you at COLAGO on Lake Garda. Discover our best offers or send us a request. We are there for you personally and will gladly send you a offer for your exclusive hideaway holiday.<\/p>\n\t\t\t\t\t\t\t\t<\/div>\n\t\t\t\t<\/div>\n\t\t<div class=\"elementor-element elementor-element-ad0dd14 e-con-full e-flex e-con e-child\" data-id=\"ad0dd14\" data-element_type=\"container\">\n\t\t<div class=\"elementor-element elementor-element-c302250 e-con-full e-flex e-con e-child\" data-id=\"c302250\" data-element_type=\"container\">\n\t\t\t\t<div class=\"elementor-element elementor-element-8cd6adc animated-slow elementor-align-left elementor-invisible elementor-widget elementor-widget-button\" data-id=\"8cd6adc\" data-element_type=\"widget\" data-settings=\"{&quot;_animation&quot;:&quot;fadeInUp&quot;}\" data-widget_type=\"button.default\">\n\t\t\t\t<div class=\"elementor-widget-container\">\n\t\t\t\t\t\t\t\t\t<div class=\"elementor-button-wrapper\">\n\t\t\t\t\t<a class=\"elementor-button elementor-button-link elementor-size-sm\" href=\"https:\/\/www.colago.it\/en\/request\/\">\n\t\t\t\t\t\t<span class=\"elementor-button-content-wrapper\">\n\t\t\t\t\t\t<span class=\"elementor-button-icon\">\n\t\t\t\t<svg xmlns=\"http:\/\/www.w3.org\/2000\/svg\" xmlns:xlink=\"http:\/\/www.w3.org\/1999\/xlink\" id=\"Ebene_1\" x=\"0px\" y=\"0px\" viewBox=\"0 0 20.4 13\" style=\"enable-background:new 0 0 20.4 13;\" xml:space=\"preserve\"><path d=\"M20,6.2l-6.3-5.9c-0.2-0.1-0.4-0.1-0.6,0c-0.2,0.2-0.1,0.4,0,0.6l5.6,5.2h-18c-0.2,0-0.4,0.2-0.4,0.4s0.2,0.4,0.4,0.4h18 l-5.6,5.2c-0.2,0.2-0.2,0.4,0,0.6c0.1,0.1,0.2,0.1,0.3,0.1c0.1,0,0.2,0,0.3-0.1L20,6.8c0.1-0.1,0.1-0.2,0.1-0.3S20.1,6.3,20,6.2z\"><\/path><\/svg>\t\t\t<\/span>\n\t\t\t\t\t\t\t\t\t<span class=\"elementor-button-text\">Request<\/span>\n\t\t\t\t\t<\/span>\n\t\t\t\t\t<\/a>\n\t\t\t\t<\/div>\n\t\t\t\t\t\t\t\t<\/div>\n\t\t\t\t<\/div>\n\t\t\t\t<\/div>\n\t\t<!-- dce invisible element 68dc404 --><div class=\"elementor-element elementor-element-20e9cc0 e-con-full e-flex e-con e-child\" data-id=\"20e9cc0\" data-element_type=\"container\">\n\t\t\t\t<div class=\"elementor-element elementor-element-3cdd523 animated-slow elementor-align-right elementor-mobile-align-left elementor-invisible elementor-widget elementor-widget-button\" data-id=\"3cdd523\" data-element_type=\"widget\" data-settings=\"{&quot;_animation&quot;:&quot;fadeInUp&quot;}\" data-widget_type=\"button.default\">\n\t\t\t\t<div class=\"elementor-widget-container\">\n\t\t\t\t\t\t\t\t\t<div class=\"elementor-button-wrapper\">\n\t\t\t\t\t<a class=\"elementor-button elementor-button-link elementor-size-sm\" href=\"https:\/\/www.simplebooking.it\/ibe2\/hotel\/10358?lang=EN&#038;cur=EUR\">\n\t\t\t\t\t\t<span class=\"elementor-button-content-wrapper\">\n\t\t\t\t\t\t<span class=\"elementor-button-icon\">\n\t\t\t\t<svg xmlns=\"http:\/\/www.w3.org\/2000\/svg\" xmlns:xlink=\"http:\/\/www.w3.org\/1999\/xlink\" id=\"Ebene_1\" x=\"0px\" y=\"0px\" viewBox=\"0 0 20.4 13\" style=\"enable-background:new 0 0 20.4 13;\" xml:space=\"preserve\"><path d=\"M20,6.2l-6.3-5.9c-0.2-0.1-0.4-0.1-0.6,0c-0.2,0.2-0.1,0.4,0,0.6l5.6,5.2h-18c-0.2,0-0.4,0.2-0.4,0.4s0.2,0.4,0.4,0.4h18 l-5.6,5.2c-0.2,0.2-0.2,0.4,0,0.6c0.1,0.1,0.2,0.1,0.3,0.1c0.1,0,0.2,0,0.3-0.1L20,6.8c0.1-0.1,0.1-0.2,0.1-0.3S20.1,6.3,20,6.2z\"><\/path><\/svg>\t\t\t<\/span>\n\t\t\t\t\t\t\t\t\t<span class=\"elementor-button-text\">Book<\/span>\n\t\t\t\t\t<\/span>\n\t\t\t\t\t<\/a>\n\t\t\t\t<\/div>\n\t\t\t\t\t\t\t\t<\/div>\n\t\t\t\t<\/div>\n\t\t\t\t<\/div>\n\t\t\t\t<\/div>\n\t\t\t\t<\/div>\n\t\t\t\t\t<\/div>\n\t\t\t\t<\/div>\n\t\t\t\t<\/div>\n\t\t","protected":false},"excerpt":{"rendered":"<p>Your stay at COLAGO &#8211; useful information A comprehensive guide from check-in to travel insurance Here you\u2019ll find everything important for your stay at COLAGO on Lake Garda. Prices Die Preise verstehen sich pro \u00dcbernachtung f\u00fcr 2 Personen inklusive Fr\u00fchst\u00fcck und ohne t\u00e4gliche Reinigung.\u00a0 Der Preis f\u00fcr Kinder, Jugendliche und Zusatzpersonen h\u00e4ngt vom Alter und [&hellip;]<\/p>\n","protected":false},"author":1,"featured_media":0,"parent":0,"menu_order":0,"comment_status":"closed","ping_status":"closed","template":"","meta":{"footnotes":""},"class_list":["post-12665","page","type-page","status-publish","hentry"],"_links":{"self":[{"href":"https:\/\/www.colago.it\/en\/wp-json\/wp\/v2\/pages\/12665","targetHints":{"allow":["GET"]}}],"collection":[{"href":"https:\/\/www.colago.it\/en\/wp-json\/wp\/v2\/pages"}],"about":[{"href":"https:\/\/www.colago.it\/en\/wp-json\/wp\/v2\/types\/page"}],"author":[{"embeddable":true,"href":"https:\/\/www.colago.it\/en\/wp-json\/wp\/v2\/users\/1"}],"replies":[{"embeddable":true,"href":"https:\/\/www.colago.it\/en\/wp-json\/wp\/v2\/comments?post=12665"}],"version-history":[{"count":0,"href":"https:\/\/www.colago.it\/en\/wp-json\/wp\/v2\/pages\/12665\/revisions"}],"wp:attachment":[{"href":"https:\/\/www.colago.it\/en\/wp-json\/wp\/v2\/media?parent=12665"}],"curies":[{"name":"wp","href":"https:\/\/api.w.org\/{rel}","templated":true}]}}